{"id":100067,"date":"2025-12-12T11:50:16","date_gmt":"2025-12-12T09:50:16","guid":{"rendered":"https:\/\/mobecor.ee\/?post_type=product&#038;p=100067"},"modified":"2025-12-12T15:21:34","modified_gmt":"2025-12-12T13:21:34","slug":"seinakapp-pati-pk06-pf07-80-296-60","status":"publish","type":"product","link":"https:\/\/mobecor.ee\/en\/toode\/seinakapp-pati-pk06-pf07-80-296-60\/","title":{"rendered":"Seinakapp Pati PK06\/PF07 (80\/29,6\/60)"},"content":{"rendered":"<p>Seinakapil on 2 ust.<br \/>\nUksed on vaikselt sulguvad.<br \/>\nKorpus ja esipaneelid: 16 mm m\u00f6\u00f6bliplaat.<br \/>\nTagasein: 2,5 mm HDF.<br \/>\nHinged: \u1d69 35 mm, reguleeritavad kolmes tasapinnas.<br \/>\nMustad plastikust k\u00e4epidemed.<br \/>\nLisavalikuna v\u00f5imalik osta n\u00f5uderest (metallist, plastikp\u00f5hjaga).<br \/>\nKorpuse v\u00e4rv k\u00f5igil kappidel on: tamm Cremona Torro.<br \/>\nEsipindade v\u00e4rvivalik:<br \/>\n* ka\u0161miir,<br \/>\n* hele grafiit,<br \/>\n* valge,<br \/>\n* tamm Cremona Torro,<br \/>\n* tamm Artisan.<br \/>\nToode tarnitakse detailidena.<br \/>\nToodetud: Poolas.<\/p>\n","protected":false},"excerpt":{"rendered":"<p>Laius: 80 cm.<br \/>\nS\u00fcgavus: 29,6 cm.<br \/>\nK\u00f5rgus: 60 cm.<br \/>\nTarneaeg: 4-8 n\u00e4dalat.<\/p>\n","protected":false},"featured_media":100073,"template":"","meta":{"_acf_changed":false,"inline_featured_image":false},"series":[],"product_brand":[2945],"product_cat":[3617],"product_tag":[],"class_list":{"0":"post-100067","1":"product","2":"type-product","3":"status-publish","4":"has-post-thumbnail","6":"product_brand-liveo","7":"product_cat-koogimoobel-pati-seinakapid","9":"first","10":"instock","11":"taxable","12":"shipping-taxable","13":"purchasable","14":"product-type-variable"},"acf":[],"_links":{"self":[{"href":"https:\/\/mobecor.ee\/en\/wp-json\/wp\/v2\/product\/100067","targetHints":{"allow":["GET"]}}],"collection":[{"href":"https:\/\/mobecor.ee\/en\/wp-json\/wp\/v2\/product"}],"about":[{"href":"https:\/\/mobecor.ee\/en\/wp-json\/wp\/v2\/types\/product"}],"wp:featuredmedia":[{"embeddable":true,"href":"https:\/\/mobecor.ee\/en\/wp-json\/wp\/v2\/media\/100073"}],"wp:attachment":[{"href":"https:\/\/mobecor.ee\/en\/wp-json\/wp\/v2\/media?parent=100067"}],"wp:term":[{"taxonomy":"series","embeddable":true,"href":"https:\/\/mobecor.ee\/en\/wp-json\/wp\/v2\/series?post=100067"},{"taxonomy":"product_brand","embeddable":true,"href":"https:\/\/mobecor.ee\/en\/wp-json\/wp\/v2\/product_brand?post=100067"},{"taxonomy":"product_cat","embeddable":true,"href":"https:\/\/mobecor.ee\/en\/wp-json\/wp\/v2\/product_cat?post=100067"},{"taxonomy":"product_tag","embeddable":true,"href":"https:\/\/mobecor.ee\/en\/wp-json\/wp\/v2\/product_tag?post=100067"}],"curies":[{"name":"wp","href":"https:\/\/api.w.org\/{rel}","templated":true}]}}