{"id":100227,"date":"2025-12-12T13:46:22","date_gmt":"2025-12-12T11:46:22","guid":{"rendered":"https:\/\/mobecor.ee\/?post_type=product&#038;p=100227"},"modified":"2025-12-12T13:47:17","modified_gmt":"2025-12-12T11:47:17","slug":"porandakapp-florence-d3a-50","status":"publish","type":"product","link":"https:\/\/mobecor.ee\/en\/toode\/porandakapp-florence-d3a-50\/","title":{"rendered":"P\u00f5randakapp Florence D3A\/50"},"content":{"rendered":"<p>3-sahtliga p\u00f5randakapp.<br \/>\nSahtlis\u00fcsteem:\u00a0 A \u2013 Hettich Atira t\u00e4ispikendusega ja pehme sulgumisega, <strong>antratsiithalli<\/strong> v\u00e4rvi. Kandev\u00f5ime max 30 kg.<br \/>\nIlma k\u00e4epidemeteta mudel.<br \/>\nEsipinnad: lamineeritud m\u00f6\u00f6bliplaat + MDF (18 mm). Servad ABS.<br \/>\nEsipinnad: matt v\u00f5i l\u00e4ikiv.<br \/>\n<strong>NB! V\u00e4rvid v\u00f5ivad erineda piltidel ja tegelikkuses. Suuremat v\u00e4rvivalikut n\u00e4eb RAL ja ICA kataloogidest ja Mobecori m\u00f6\u00f6blipoodides kohapeal.<\/strong><br \/>\nKorpus (18 mm): lamineeritud m\u00f6\u00f6bliplaat.<br \/>\nKorpuse v\u00e4rvivalik: White; Grey; Lava; Artisan; Black.<br \/>\nToodetud: Poolas.<br \/>\nToode tarnitakse detailidena.<br \/>\nKomplektis reguleeritavad jalad k\u00f5rgusega 10 cm, lisavalikuna v\u00f5imalik valida jalad 15 cm.<br \/>\nSoovi korral v\u00f5imalik juurde osta ka sokkel <a href=\"https:\/\/mobecor.ee\/toode\/sokkel-200-cm-h-10-15-cm\/\" target=\"_blank\" rel=\"noopener\">SIIT<\/a>.<\/p>\n","protected":false},"excerpt":{"rendered":"<p>Laius: 50 cm.<br \/>\nS\u00fcgavus:\u00a050 cm.<br \/>\nK\u00f5rgus ilma jalgadeta: 72 cm.<br \/>\nTarneaeg: 4-12 n\u00e4dalat.<\/p>\n","protected":false},"featured_media":9316,"template":"","meta":{"_acf_changed":false,"inline_featured_image":false},"series":[],"product_brand":[2939],"product_cat":[215],"product_tag":[],"class_list":{"0":"post-100227","1":"product","2":"type-product","3":"status-publish","4":"has-post-thumbnail","6":"product_brand-extom","7":"product_cat-florence-porandakapid","9":"first","10":"instock","11":"taxable","12":"shipping-taxable","13":"purchasable","14":"product-type-variable"},"acf":[],"_links":{"self":[{"href":"https:\/\/mobecor.ee\/en\/wp-json\/wp\/v2\/product\/100227","targetHints":{"allow":["GET"]}}],"collection":[{"href":"https:\/\/mobecor.ee\/en\/wp-json\/wp\/v2\/product"}],"about":[{"href":"https:\/\/mobecor.ee\/en\/wp-json\/wp\/v2\/types\/product"}],"wp:featuredmedia":[{"embeddable":true,"href":"https:\/\/mobecor.ee\/en\/wp-json\/wp\/v2\/media\/9316"}],"wp:attachment":[{"href":"https:\/\/mobecor.ee\/en\/wp-json\/wp\/v2\/media?parent=100227"}],"wp:term":[{"taxonomy":"series","embeddable":true,"href":"https:\/\/mobecor.ee\/en\/wp-json\/wp\/v2\/series?post=100227"},{"taxonomy":"product_brand","embeddable":true,"href":"https:\/\/mobecor.ee\/en\/wp-json\/wp\/v2\/product_brand?post=100227"},{"taxonomy":"product_cat","embeddable":true,"href":"https:\/\/mobecor.ee\/en\/wp-json\/wp\/v2\/product_cat?post=100227"},{"taxonomy":"product_tag","embeddable":true,"href":"https:\/\/mobecor.ee\/en\/wp-json\/wp\/v2\/product_tag?post=100227"}],"curies":[{"name":"wp","href":"https:\/\/api.w.org\/{rel}","templated":true}]}}