{"id":100689,"date":"2025-12-16T12:57:57","date_gmt":"2025-12-16T10:57:57","guid":{"rendered":"https:\/\/mobecor.ee\/?post_type=product&#038;p=100689"},"modified":"2025-12-16T12:58:55","modified_gmt":"2025-12-16T10:58:55","slug":"seinariiul-rippriiul-sr19-600-l2","status":"publish","type":"product","link":"https:\/\/mobecor.ee\/en\/toode\/seinariiul-rippriiul-sr19-600-l2\/","title":{"rendered":"Seinariiul\/rippriiul SR19-600-L2 (60\/36\/32,5)"},"content":{"rendered":"<p>Seinariiul.<br \/>\nRaam: must metall.<br \/>\nAlumine ja pealmine plaat lamineeritud m\u00f6\u00f6bliplaadist.<br \/>\nV\u00e4rvivalik: Ares Black; Artisan; Black; Craft Oak; Fresco Antracyt; Grey; Halifax; Hikora; Lava; Pembroke; Sonoma; Vicenza; White.<br \/>\nLaius: 60 cm.<br \/>\nS\u00fcgavus:\u00a032,5 cm.<br \/>\nK\u00f5rgus:\u00a036\u00a0cm.<br \/>\nToodetud: Poolas.<br \/>\nTarneaeg: 4-8 n\u00e4dalat.<\/p>\n","protected":false},"excerpt":{"rendered":"<p>Seinariiul. Raam: must metall. Alumine ja pealmine plaat lamineeritud m\u00f6\u00f6bliplaadist. V\u00e4rvivalik: Ares Black; Artisan; Black; Craft Oak; Fresco Antracyt; Grey;&#8230;<\/p>\n","protected":false},"featured_media":11328,"template":"","meta":{"_acf_changed":false,"inline_featured_image":false},"series":[],"product_brand":[2939],"product_cat":[318,201,205,216,226,229,278,282],"product_tag":[],"class_list":{"0":"post-100689","1":"product","2":"type-product","3":"status-publish","4":"has-post-thumbnail","6":"product_brand-extom","7":"product_cat-avellino-ulemised-kapid","8":"product_cat-tivoli-seinakapid","9":"product_cat-silver-seinakapid","10":"product_cat-florence-seinakapid","11":"product_cat-essen-seinakapid","12":"product_cat-emporium-seinakapid","13":"product_cat-quantum-seinakapid","14":"product_cat-malmo-seinakapid","16":"first","17":"instock","18":"taxable","19":"shipping-taxable","20":"purchasable","21":"product-type-simple"},"acf":[],"_links":{"self":[{"href":"https:\/\/mobecor.ee\/en\/wp-json\/wp\/v2\/product\/100689","targetHints":{"allow":["GET"]}}],"collection":[{"href":"https:\/\/mobecor.ee\/en\/wp-json\/wp\/v2\/product"}],"about":[{"href":"https:\/\/mobecor.ee\/en\/wp-json\/wp\/v2\/types\/product"}],"wp:featuredmedia":[{"embeddable":true,"href":"https:\/\/mobecor.ee\/en\/wp-json\/wp\/v2\/media\/11328"}],"wp:attachment":[{"href":"https:\/\/mobecor.ee\/en\/wp-json\/wp\/v2\/media?parent=100689"}],"wp:term":[{"taxonomy":"series","embeddable":true,"href":"https:\/\/mobecor.ee\/en\/wp-json\/wp\/v2\/series?post=100689"},{"taxonomy":"product_brand","embeddable":true,"href":"https:\/\/mobecor.ee\/en\/wp-json\/wp\/v2\/product_brand?post=100689"},{"taxonomy":"product_cat","embeddable":true,"href":"https:\/\/mobecor.ee\/en\/wp-json\/wp\/v2\/product_cat?post=100689"},{"taxonomy":"product_tag","embeddable":true,"href":"https:\/\/mobecor.ee\/en\/wp-json\/wp\/v2\/product_tag?post=100689"}],"curies":[{"name":"wp","href":"https:\/\/api.w.org\/{rel}","templated":true}]}}