{"id":100712,"date":"2025-12-16T14:49:48","date_gmt":"2025-12-16T12:49:48","guid":{"rendered":"https:\/\/mobecor.ee\/?post_type=product&#038;p=100712"},"modified":"2026-01-09T09:56:03","modified_gmt":"2026-01-09T07:56:03","slug":"baaripukk-loreta-h60","status":"publish","type":"product","link":"https:\/\/mobecor.ee\/en\/toode\/baaripukk-loreta-h60\/","title":{"rendered":"Baaripukk Loreta H:60"},"content":{"rendered":"<p>Bukk on valmistatud t\u00e4ispuidust, iste MDF.<br \/>\nV\u00e4rvivalik: valge; naturaalne.<br \/>\nLaius: 40 cm.<br \/>\nS\u00fcgavus: 44 cm.<br \/>\nIste k\u00f5rgus: 60 cm.<br \/>\nBaaripuki k\u00f5rgus: 96 cm .<br \/>\nTarneaeg: laos kohe olemas.<\/p>\n","protected":false},"excerpt":{"rendered":"<p>Bukk on valmistatud t\u00e4ispuidust, iste MDF. V\u00e4rvivalik: valge; naturaalne. Laius: 40 cm. S\u00fcgavus: 44 cm. Iste k\u00f5rgus: 60 cm. Baaripuki&#8230;<\/p>\n","protected":false},"featured_media":100713,"template":"","meta":{"_acf_changed":false,"inline_featured_image":false},"series":[],"product_brand":[2913],"product_cat":[51,2924],"product_tag":[],"class_list":{"0":"post-100712","1":"product","2":"type-product","3":"status-publish","4":"has-post-thumbnail","6":"product_brand-grafio","7":"product_cat-toolid","8":"product_cat-soogilauad-ja-toolid-laos","10":"first","11":"instock","12":"sale","13":"taxable","14":"shipping-taxable","15":"purchasable","16":"product-type-simple"},"acf":[],"_links":{"self":[{"href":"https:\/\/mobecor.ee\/en\/wp-json\/wp\/v2\/product\/100712","targetHints":{"allow":["GET"]}}],"collection":[{"href":"https:\/\/mobecor.ee\/en\/wp-json\/wp\/v2\/product"}],"about":[{"href":"https:\/\/mobecor.ee\/en\/wp-json\/wp\/v2\/types\/product"}],"wp:featuredmedia":[{"embeddable":true,"href":"https:\/\/mobecor.ee\/en\/wp-json\/wp\/v2\/media\/100713"}],"wp:attachment":[{"href":"https:\/\/mobecor.ee\/en\/wp-json\/wp\/v2\/media?parent=100712"}],"wp:term":[{"taxonomy":"series","embeddable":true,"href":"https:\/\/mobecor.ee\/en\/wp-json\/wp\/v2\/series?post=100712"},{"taxonomy":"product_brand","embeddable":true,"href":"https:\/\/mobecor.ee\/en\/wp-json\/wp\/v2\/product_brand?post=100712"},{"taxonomy":"product_cat","embeddable":true,"href":"https:\/\/mobecor.ee\/en\/wp-json\/wp\/v2\/product_cat?post=100712"},{"taxonomy":"product_tag","embeddable":true,"href":"https:\/\/mobecor.ee\/en\/wp-json\/wp\/v2\/product_tag?post=100712"}],"curies":[{"name":"wp","href":"https:\/\/api.w.org\/{rel}","templated":true}]}}