{"id":100719,"date":"2025-12-16T14:54:57","date_gmt":"2025-12-16T12:54:57","guid":{"rendered":"https:\/\/mobecor.ee\/?post_type=product&#038;p=100719"},"modified":"2025-12-16T14:57:00","modified_gmt":"2025-12-16T12:57:00","slug":"baaripukk-loreta-h75","status":"publish","type":"product","link":"https:\/\/mobecor.ee\/en\/toode\/baaripukk-loreta-h75\/","title":{"rendered":"Baaripukk Loreta valge H:75"},"content":{"rendered":"<p>Bukk\u00a0on valmistatud t\u00e4ispuidust, iste MDF.<br \/>\nV\u00e4rvivalik: valge.<br \/>\nLaius: 40 cm.<br \/>\nS\u00fcgavus: 44 cm.<br \/>\nIstek\u00f5rgis: 75 cm.<br \/>\nBaaripuki k\u00f5rgus: 113 cm.<br \/>\nTarneaeg: laos kohe olemas.<\/p>\n","protected":false},"excerpt":{"rendered":"<p>Bukk\u00a0on valmistatud t\u00e4ispuidust, iste MDF. V\u00e4rvivalik: valge. Laius: 40 cm. S\u00fcgavus: 44 cm. Istek\u00f5rgis: 75 cm. Baaripuki k\u00f5rgus: 113 cm&#8230;.<\/p>\n","protected":false},"featured_media":100720,"template":"","meta":{"_acf_changed":false,"inline_featured_image":false},"series":[],"product_brand":[2913],"product_cat":[51,2924],"product_tag":[],"class_list":{"0":"post-100719","1":"product","2":"type-product","3":"status-publish","4":"has-post-thumbnail","6":"product_brand-grafio","7":"product_cat-toolid","8":"product_cat-soogilauad-ja-toolid-laos","10":"first","11":"instock","12":"sale","13":"taxable","14":"shipping-taxable","15":"purchasable","16":"product-type-simple"},"acf":[],"_links":{"self":[{"href":"https:\/\/mobecor.ee\/en\/wp-json\/wp\/v2\/product\/100719","targetHints":{"allow":["GET"]}}],"collection":[{"href":"https:\/\/mobecor.ee\/en\/wp-json\/wp\/v2\/product"}],"about":[{"href":"https:\/\/mobecor.ee\/en\/wp-json\/wp\/v2\/types\/product"}],"wp:featuredmedia":[{"embeddable":true,"href":"https:\/\/mobecor.ee\/en\/wp-json\/wp\/v2\/media\/100720"}],"wp:attachment":[{"href":"https:\/\/mobecor.ee\/en\/wp-json\/wp\/v2\/media?parent=100719"}],"wp:term":[{"taxonomy":"series","embeddable":true,"href":"https:\/\/mobecor.ee\/en\/wp-json\/wp\/v2\/series?post=100719"},{"taxonomy":"product_brand","embeddable":true,"href":"https:\/\/mobecor.ee\/en\/wp-json\/wp\/v2\/product_brand?post=100719"},{"taxonomy":"product_cat","embeddable":true,"href":"https:\/\/mobecor.ee\/en\/wp-json\/wp\/v2\/product_cat?post=100719"},{"taxonomy":"product_tag","embeddable":true,"href":"https:\/\/mobecor.ee\/en\/wp-json\/wp\/v2\/product_tag?post=100719"}],"curies":[{"name":"wp","href":"https:\/\/api.w.org\/{rel}","templated":true}]}}