{"id":100722,"date":"2025-12-16T15:00:57","date_gmt":"2025-12-16T13:00:57","guid":{"rendered":"https:\/\/mobecor.ee\/?post_type=product&#038;p=100722"},"modified":"2026-02-05T14:59:47","modified_gmt":"2026-02-05T12:59:47","slug":"tootool-belize","status":"publish","type":"product","link":"https:\/\/mobecor.ee\/en\/toode\/tootool-belize\/","title":{"rendered":"Juhitool Belize"},"content":{"rendered":"<p>Tool on kaetud kunstnahaga.<br \/>\nRaam metallist.<br \/>\nK\u00e4etugedel on pehmenduseks poroloon, kaetud kunstnahaga.<br \/>\nV\u00e4rvivalik: must; pruun.<br \/>\nIstme k\u00f5rgus on reguleeritav gaaspumpmehhanismi abil.<br \/>\nToolil on kiikemehhanism.<br \/>\nJalarist kroomitud metallist.<\/p>\n","protected":false},"excerpt":{"rendered":"<p>Laius: 66 cm.<br \/>\nIste: 54*58 cm.<br \/>\nTooli k\u00f5rgus: 110-116 cm.<br \/>\nIste k\u00f5rgus: 46-52 cm.<br \/>\nSeljatoe k\u00f5rgus: 71 cm.<br \/>\nJalaristi l\u00e4bim\u00f5\u00f5t: 72 cm.<br \/>\nKandev\u00f5ime kuni 120 kg.<br \/>\nTarneaeg:\u00a0kuni 4 n\u00e4dalat.<\/p>\n","protected":false},"featured_media":100723,"template":"","meta":{"_acf_changed":false,"inline_featured_image":false},"series":[],"product_brand":[2913],"product_cat":[95],"product_tag":[],"class_list":{"0":"post-100722","1":"product","2":"type-product","3":"status-publish","4":"has-post-thumbnail","6":"product_brand-grafio","7":"product_cat-tootoolid","9":"first","10":"instock","11":"sale","12":"taxable","13":"shipping-taxable","14":"purchasable","15":"product-type-simple"},"acf":[],"_links":{"self":[{"href":"https:\/\/mobecor.ee\/en\/wp-json\/wp\/v2\/product\/100722","targetHints":{"allow":["GET"]}}],"collection":[{"href":"https:\/\/mobecor.ee\/en\/wp-json\/wp\/v2\/product"}],"about":[{"href":"https:\/\/mobecor.ee\/en\/wp-json\/wp\/v2\/types\/product"}],"wp:featuredmedia":[{"embeddable":true,"href":"https:\/\/mobecor.ee\/en\/wp-json\/wp\/v2\/media\/100723"}],"wp:attachment":[{"href":"https:\/\/mobecor.ee\/en\/wp-json\/wp\/v2\/media?parent=100722"}],"wp:term":[{"taxonomy":"series","embeddable":true,"href":"https:\/\/mobecor.ee\/en\/wp-json\/wp\/v2\/series?post=100722"},{"taxonomy":"product_brand","embeddable":true,"href":"https:\/\/mobecor.ee\/en\/wp-json\/wp\/v2\/product_brand?post=100722"},{"taxonomy":"product_cat","embeddable":true,"href":"https:\/\/mobecor.ee\/en\/wp-json\/wp\/v2\/product_cat?post=100722"},{"taxonomy":"product_tag","embeddable":true,"href":"https:\/\/mobecor.ee\/en\/wp-json\/wp\/v2\/product_tag?post=100722"}],"curies":[{"name":"wp","href":"https:\/\/api.w.org\/{rel}","templated":true}]}}