{"id":100728,"date":"2025-12-16T15:09:06","date_gmt":"2025-12-16T13:09:06","guid":{"rendered":"https:\/\/mobecor.ee\/?post_type=product&#038;p=100728"},"modified":"2025-12-16T15:13:01","modified_gmt":"2025-12-16T13:13:01","slug":"soogilaud-loreta-hele-wenge-75-75","status":"publish","type":"product","link":"https:\/\/mobecor.ee\/en\/toode\/soogilaud-loreta-hele-wenge-75-75\/","title":{"rendered":"S\u00f6\u00f6gilaud Loreta, hele wenge (75\/75)"},"content":{"rendered":"<p><span style=\"line-height: 1.3em;\">S\u00f6\u00f6gilaua karkass ja jalad on t\u00e4ispuidust.<br \/>\nLauaplaat: MDF\/hele wenge.<br \/>\nLauaga sobivad toolid leiad\u00a0<a href=\"https:\/\/mobecor.ee\/toode\/tool-loreta\/\" target=\"_blank\" rel=\"noopener\">SIIT<\/a>.<br \/>\nK\u00f5rgus: 74 cm.<br \/>\nLaius: 75 cm.<br \/>\nS\u00fcgavus: 75 cm.<br \/>\nTarneaeg: laos kohe olemas.\u00a0\u00a0 <\/span><\/p>\n","protected":false},"excerpt":{"rendered":"<p>S\u00f6\u00f6gilaua karkass ja jalad on t\u00e4ispuidust. Lauaplaat: MDF\/hele wenge. Lauaga sobivad toolid leiad\u00a0SIIT. K\u00f5rgus: 74 cm. Laius: 75 cm. S\u00fcgavus:&#8230;<\/p>\n","protected":false},"featured_media":100729,"template":"","meta":{"_acf_changed":false,"inline_featured_image":false},"series":[],"product_brand":[2913],"product_cat":[219,2924],"product_tag":[],"class_list":{"0":"post-100728","1":"product","2":"type-product","3":"status-publish","4":"has-post-thumbnail","6":"product_brand-grafio","7":"product_cat-soogilauad","8":"product_cat-soogilauad-ja-toolid-laos","10":"first","11":"instock","12":"sale","13":"taxable","14":"shipping-taxable","15":"purchasable","16":"product-type-simple"},"acf":[],"_links":{"self":[{"href":"https:\/\/mobecor.ee\/en\/wp-json\/wp\/v2\/product\/100728","targetHints":{"allow":["GET"]}}],"collection":[{"href":"https:\/\/mobecor.ee\/en\/wp-json\/wp\/v2\/product"}],"about":[{"href":"https:\/\/mobecor.ee\/en\/wp-json\/wp\/v2\/types\/product"}],"wp:featuredmedia":[{"embeddable":true,"href":"https:\/\/mobecor.ee\/en\/wp-json\/wp\/v2\/media\/100729"}],"wp:attachment":[{"href":"https:\/\/mobecor.ee\/en\/wp-json\/wp\/v2\/media?parent=100728"}],"wp:term":[{"taxonomy":"series","embeddable":true,"href":"https:\/\/mobecor.ee\/en\/wp-json\/wp\/v2\/series?post=100728"},{"taxonomy":"product_brand","embeddable":true,"href":"https:\/\/mobecor.ee\/en\/wp-json\/wp\/v2\/product_brand?post=100728"},{"taxonomy":"product_cat","embeddable":true,"href":"https:\/\/mobecor.ee\/en\/wp-json\/wp\/v2\/product_cat?post=100728"},{"taxonomy":"product_tag","embeddable":true,"href":"https:\/\/mobecor.ee\/en\/wp-json\/wp\/v2\/product_tag?post=100728"}],"curies":[{"name":"wp","href":"https:\/\/api.w.org\/{rel}","templated":true}]}}