{"id":101402,"date":"2025-12-17T15:07:32","date_gmt":"2025-12-17T13:07:32","guid":{"rendered":"https:\/\/mobecor.ee\/?post_type=product&#038;p=101402"},"modified":"2025-12-17T15:25:23","modified_gmt":"2025-12-17T13:25:23","slug":"npmu-optimum-zm45","status":"publish","type":"product","link":"https:\/\/mobecor.ee\/en\/toode\/npmu-optimum-zm45\/","title":{"rendered":"N\u00f5udepesumasina uks Optimum ZM45"},"content":{"rendered":"<p>Uks integreeritavale n\u00f5udepesumasinale.<br \/>\nNB! Tegemist on vaid uksega, mis kinnitatakse n\u00f5udepesumasina k\u00fclge (sellel ei ole k\u00fclgi\/korpust).<br \/>\nEsipinnad (19 mm) on kaetud \u00fclimati struktuuriga PVC-fooliumiga. Vastupidavuse ja tugevuse tagab k\u00f5va ja massiivne MDF-plaat.<br \/>\nEsipind 19 mm, v\u00e4rvivalik (matt): White; Green; Dust Grey; Indigo; Cashmere.<br \/>\nK\u00e4epide: kapil on kaasas k\u00e4epide Typ U (hinna sees).<br \/>\nSoovi korral v\u00f5imalik valida teised k\u00e4epidemed (lisandub hind). Valiku leiab\u00a0<a href=\"https:\/\/mobecor.ee\/tootekategooria\/koogimoobel\/kaepidemed\/kaepidemed-e\/\" target=\"_blank\" rel=\"noopener\">SIIT<\/a>.<br \/>\nToodetud: Poolas.<br \/>\nToode tarnitakse detailidena.<\/p>\n<p>&nbsp;<\/p>\n<p>&nbsp;<\/p>\n","protected":false},"excerpt":{"rendered":"<p>Laius: 45 cm.<br \/>\nK\u00f5rgus: 72 cm.<br \/>\nTarneaeg: 4-8 n\u00e4dalat.<\/p>\n","protected":false},"featured_media":101410,"template":"","meta":{"_acf_changed":false,"inline_featured_image":false},"series":[],"product_brand":[2939],"product_cat":[3177],"product_tag":[],"class_list":{"0":"post-101402","1":"product","2":"type-product","3":"status-publish","4":"has-post-thumbnail","6":"product_brand-extom","7":"product_cat-koogimoobel-optimum-alumised-kapid","9":"first","10":"instock","11":"taxable","12":"shipping-taxable","13":"purchasable","14":"product-type-variable"},"acf":[],"_links":{"self":[{"href":"https:\/\/mobecor.ee\/en\/wp-json\/wp\/v2\/product\/101402","targetHints":{"allow":["GET"]}}],"collection":[{"href":"https:\/\/mobecor.ee\/en\/wp-json\/wp\/v2\/product"}],"about":[{"href":"https:\/\/mobecor.ee\/en\/wp-json\/wp\/v2\/types\/product"}],"wp:featuredmedia":[{"embeddable":true,"href":"https:\/\/mobecor.ee\/en\/wp-json\/wp\/v2\/media\/101410"}],"wp:attachment":[{"href":"https:\/\/mobecor.ee\/en\/wp-json\/wp\/v2\/media?parent=101402"}],"wp:term":[{"taxonomy":"series","embeddable":true,"href":"https:\/\/mobecor.ee\/en\/wp-json\/wp\/v2\/series?post=101402"},{"taxonomy":"product_brand","embeddable":true,"href":"https:\/\/mobecor.ee\/en\/wp-json\/wp\/v2\/product_brand?post=101402"},{"taxonomy":"product_cat","embeddable":true,"href":"https:\/\/mobecor.ee\/en\/wp-json\/wp\/v2\/product_cat?post=101402"},{"taxonomy":"product_tag","embeddable":true,"href":"https:\/\/mobecor.ee\/en\/wp-json\/wp\/v2\/product_tag?post=101402"}],"curies":[{"name":"wp","href":"https:\/\/api.w.org\/{rel}","templated":true}]}}