{"id":101834,"date":"2025-12-18T12:20:11","date_gmt":"2025-12-18T10:20:11","guid":{"rendered":"https:\/\/mobecor.ee\/?post_type=product&#038;p=101834"},"modified":"2026-01-19T14:05:12","modified_gmt":"2026-01-19T12:05:12","slug":"tootasapind-h011-g8-rustic-nebrodi-spruce","status":"publish","type":"product","link":"https:\/\/mobecor.ee\/en\/toode\/tootasapind-h011-g8-rustic-nebrodi-spruce\/","title":{"rendered":"T\u00f6\u00f6tasapind H011 G8 Rustic Nebrodi Spruce"},"content":{"rendered":"<div>K\u00f5rgsurvelaminaat (HPL ehk high-pressure laminate) on ideaalne lahendus, kui te otsite materjali, millel on j\u00e4rgnevad omadused:<br \/>\n* Vastupidav, sobib ka tiheda kasutusega pindadele, mittepoorne pind on h\u00fcgieeniline ning kergesti hooldatav<br \/>\n* Ohutu \u2013 laminaat koosneb paberikihtidest, mis on immutatud vaiguga ning k\u00f5rgel survel ja temperatuuril kokku pressitud. Ei sisalda kahjulikke \u00fchendeid.<br \/>\n* Pikk eluiga \u2013 k\u00f5rgsurvelaminaat s\u00e4ilitab oma algse v\u00e4limuse, ei pleeki ja n\u00e4eb kaua hea v\u00e4lja.<\/div>\n<div>\n<div class=\"gmail_default\"><span style=\"color: #000000;\">Lisatasu eest on v\u00f5imalik t\u00f6\u00f6tasapinda t\u00f6\u00f6delda (l\u00f5ikamine, kantimine, nurgalahendused).<br \/>\nOma m\u00f5\u00f5tudele ja soovidele vastava t\u00e4psema info ja hinnapakkumise saamiseks kirjutage\u00a0\u00a0<a style=\"color: #000000;\" href=\"mailto:info@mobecor.ee\" target=\"_blank\" rel=\"noopener\">info@mobecor.ee<\/a>.<\/span><\/div>\n<div class=\"gmail_default\"><span style=\"color: #000000;\">V\u00f5imalusel lisada ka omapoolne joonis m\u00f5\u00f5tudega.<\/span><\/div>\n<\/div>\n","protected":false},"excerpt":{"rendered":"<p>Pikkus: 410 cm.<br \/>\nS\u00fcgavus: 60 cm.<br \/>\nPaksus: 3,8 cm.<br \/>\nTarneaeg: 2-6 n\u00e4dalat<\/p>\n","protected":false},"featured_media":101835,"template":"","meta":{"_acf_changed":false,"inline_featured_image":false},"series":[],"product_brand":[3964],"product_cat":[484],"product_tag":[],"class_list":{"0":"post-101834","1":"product","2":"type-product","3":"status-publish","4":"has-post-thumbnail","6":"product_brand-egger","7":"product_cat-tootasapinnad","9":"first","10":"instock","11":"taxable","12":"shipping-taxable","13":"purchasable","14":"product-type-simple"},"acf":[],"_links":{"self":[{"href":"https:\/\/mobecor.ee\/en\/wp-json\/wp\/v2\/product\/101834","targetHints":{"allow":["GET"]}}],"collection":[{"href":"https:\/\/mobecor.ee\/en\/wp-json\/wp\/v2\/product"}],"about":[{"href":"https:\/\/mobecor.ee\/en\/wp-json\/wp\/v2\/types\/product"}],"wp:featuredmedia":[{"embeddable":true,"href":"https:\/\/mobecor.ee\/en\/wp-json\/wp\/v2\/media\/101835"}],"wp:attachment":[{"href":"https:\/\/mobecor.ee\/en\/wp-json\/wp\/v2\/media?parent=101834"}],"wp:term":[{"taxonomy":"series","embeddable":true,"href":"https:\/\/mobecor.ee\/en\/wp-json\/wp\/v2\/series?post=101834"},{"taxonomy":"product_brand","embeddable":true,"href":"https:\/\/mobecor.ee\/en\/wp-json\/wp\/v2\/product_brand?post=101834"},{"taxonomy":"product_cat","embeddable":true,"href":"https:\/\/mobecor.ee\/en\/wp-json\/wp\/v2\/product_cat?post=101834"},{"taxonomy":"product_tag","embeddable":true,"href":"https:\/\/mobecor.ee\/en\/wp-json\/wp\/v2\/product_tag?post=101834"}],"curies":[{"name":"wp","href":"https:\/\/api.w.org\/{rel}","templated":true}]}}