{"id":101924,"date":"2025-12-19T11:04:37","date_gmt":"2025-12-19T09:04:37","guid":{"rendered":"https:\/\/mobecor.ee\/?post_type=product&#038;p=101924"},"modified":"2025-12-19T11:08:56","modified_gmt":"2025-12-19T09:08:56","slug":"nurgakapp-tivoli-d13u-2","status":"publish","type":"product","link":"https:\/\/mobecor.ee\/en\/toode\/nurgakapp-tivoli-d13u-2\/","title":{"rendered":"Nurgakapp Tivoli D13U"},"content":{"rendered":"<p>Kapil on\u00a01 uks. Kapp on m\u00f5eldud nurgakapiks.<br \/>\nEsipinnad: MDF (matt lakitud pinnaga).<br \/>\n<strong>NB! V\u00e4rvid v\u00f5ivad erineda piltidel ja tegelikkuses. Suuremat v\u00e4rvivalikut n\u00e4eb RAL ja ICA kataloogidest ja Mobecori m\u00f6\u00f6blipoodides kohapeal.<\/strong><br \/>\nKorpus: 18 mm, lamineeritud m\u00f6\u00f6bliplaat.<br \/>\nKorpuse v\u00e4rvivalik: White; Grey; Lava; Artisan; Black.<br \/>\nNB! Hinna sisse kuulub k\u00e4epide Typ U.<br \/>\nSoovi korral v\u00f5imalik valida teine k\u00e4epide (lisandub hind). Valiku leiab <a href=\"https:\/\/mobecor.ee\/tootekategooria\/koogimoobel\/kaepidemed\/kaepidemed-e\/\" target=\"_blank\" rel=\"noopener\">SIIT<\/a>. Kapil on 1 p\u00e4epide.<br \/>\nKomplektis on reguleeritavad jalad k\u00f5rgusega 10 cm, lisavalikuna v\u00f5imalik valida jalad 15 cm.<br \/>\nSoovi korral v\u00f5imalik juurde osta ka sokkel\u00a0<a href=\"https:\/\/mobecor.ee\/toode\/sokkel-200-cm-h-10-15-cm\/\" target=\"_blank\" rel=\"noopener\">SIIT<\/a>.<br \/>\nToode tarnitakse detailidena.<br \/>\nToodetud: Poolas.<\/p>\n","protected":false},"excerpt":{"rendered":"<p>K\u00f5rgus ilma jalgadeta:\u00a072 cm.<br \/>\nLaius: 90 cm\/koos t\u00f6\u00f6pinnaga:\u00a0105-108 cm.<br \/>\nS\u00fcgavus: 50 cm\/koos t\u00f6\u00f6pinnaga: 63 cm.<br \/>\nTarneaeg: 4-8 n\u00e4dalat.<\/p>\n","protected":false},"featured_media":6294,"template":"","meta":{"_acf_changed":false,"inline_featured_image":false},"series":[],"product_brand":[2939],"product_cat":[200],"product_tag":[],"class_list":{"0":"post-101924","1":"product","2":"type-product","3":"status-publish","4":"has-post-thumbnail","6":"product_brand-extom","7":"product_cat-tivoli-porandakapid","9":"first","10":"instock","11":"taxable","12":"shipping-taxable","13":"purchasable","14":"product-type-simple"},"acf":[],"_links":{"self":[{"href":"https:\/\/mobecor.ee\/en\/wp-json\/wp\/v2\/product\/101924","targetHints":{"allow":["GET"]}}],"collection":[{"href":"https:\/\/mobecor.ee\/en\/wp-json\/wp\/v2\/product"}],"about":[{"href":"https:\/\/mobecor.ee\/en\/wp-json\/wp\/v2\/types\/product"}],"wp:featuredmedia":[{"embeddable":true,"href":"https:\/\/mobecor.ee\/en\/wp-json\/wp\/v2\/media\/6294"}],"wp:attachment":[{"href":"https:\/\/mobecor.ee\/en\/wp-json\/wp\/v2\/media?parent=101924"}],"wp:term":[{"taxonomy":"series","embeddable":true,"href":"https:\/\/mobecor.ee\/en\/wp-json\/wp\/v2\/series?post=101924"},{"taxonomy":"product_brand","embeddable":true,"href":"https:\/\/mobecor.ee\/en\/wp-json\/wp\/v2\/product_brand?post=101924"},{"taxonomy":"product_cat","embeddable":true,"href":"https:\/\/mobecor.ee\/en\/wp-json\/wp\/v2\/product_cat?post=101924"},{"taxonomy":"product_tag","embeddable":true,"href":"https:\/\/mobecor.ee\/en\/wp-json\/wp\/v2\/product_tag?post=101924"}],"curies":[{"name":"wp","href":"https:\/\/api.w.org\/{rel}","templated":true}]}}