{"id":101925,"date":"2025-12-19T11:11:19","date_gmt":"2025-12-19T09:11:19","guid":{"rendered":"https:\/\/mobecor.ee\/?post_type=product&#038;p=101925"},"modified":"2025-12-19T11:15:12","modified_gmt":"2025-12-19T09:15:12","slug":"noudepesumasina-uks-tivoli-zm-60","status":"publish","type":"product","link":"https:\/\/mobecor.ee\/en\/toode\/noudepesumasina-uks-tivoli-zm-60\/","title":{"rendered":"N\u00f5udepesumasina uks Tivoli ZM 60"},"content":{"rendered":"<p>Uks integreeritavale n\u00f5udepesumasinale.<br \/>\nEsipinnad: MDF (matt lakitud pinnaga).<br \/>\n<strong>NB! V\u00e4rvid v\u00f5ivad erineda piltidel ja tegelikkuses. Suuremat v\u00e4rvivalikut n\u00e4eb RAL ja ICA kataloogidest ja Mobecori m\u00f6\u00f6blipoodides kohapeal.<\/strong><br \/>\nKorpus: 18 mm, lamineeritud m\u00f6\u00f6bliplaat.<br \/>\nKorpuse v\u00e4rvivalik: White; Grey; Lava; Artisan; Black.<br \/>\nSoovi korral v\u00f5imalik juurde osta ka sokkel <a href=\"https:\/\/mobecor.ee\/toode\/sokkel-200-cm-h-10-15-cm\/\" target=\"_blank\" rel=\"noopener\">SIIT<\/a>.<br \/>\nToode tarnitakse detailidena.<br \/>\nToodetud: Poolas.<\/p>\n","protected":false},"excerpt":{"rendered":"<p>Laius: 60 cm.<br \/>\nK\u00f5rgus: 72 cm.<br \/>\nS\u00fcgavus:\u00a01,9 cm.<br \/>\nTarneaeg: 4-12 n\u00e4dalat.<\/p>\n","protected":false},"featured_media":6288,"template":"","meta":{"_acf_changed":false,"inline_featured_image":false},"series":[],"product_brand":[2939],"product_cat":[200],"product_tag":[],"class_list":{"0":"post-101925","1":"product","2":"type-product","3":"status-publish","4":"has-post-thumbnail","6":"product_brand-extom","7":"product_cat-tivoli-porandakapid","9":"first","10":"instock","11":"taxable","12":"shipping-taxable","13":"purchasable","14":"product-type-simple"},"acf":[],"_links":{"self":[{"href":"https:\/\/mobecor.ee\/en\/wp-json\/wp\/v2\/product\/101925","targetHints":{"allow":["GET"]}}],"collection":[{"href":"https:\/\/mobecor.ee\/en\/wp-json\/wp\/v2\/product"}],"about":[{"href":"https:\/\/mobecor.ee\/en\/wp-json\/wp\/v2\/types\/product"}],"wp:featuredmedia":[{"embeddable":true,"href":"https:\/\/mobecor.ee\/en\/wp-json\/wp\/v2\/media\/6288"}],"wp:attachment":[{"href":"https:\/\/mobecor.ee\/en\/wp-json\/wp\/v2\/media?parent=101925"}],"wp:term":[{"taxonomy":"series","embeddable":true,"href":"https:\/\/mobecor.ee\/en\/wp-json\/wp\/v2\/series?post=101925"},{"taxonomy":"product_brand","embeddable":true,"href":"https:\/\/mobecor.ee\/en\/wp-json\/wp\/v2\/product_brand?post=101925"},{"taxonomy":"product_cat","embeddable":true,"href":"https:\/\/mobecor.ee\/en\/wp-json\/wp\/v2\/product_cat?post=101925"},{"taxonomy":"product_tag","embeddable":true,"href":"https:\/\/mobecor.ee\/en\/wp-json\/wp\/v2\/product_tag?post=101925"}],"curies":[{"name":"wp","href":"https:\/\/api.w.org\/{rel}","templated":true}]}}