{"id":103736,"date":"2026-01-13T12:03:55","date_gmt":"2026-01-13T10:03:55","guid":{"rendered":"https:\/\/mobecor.ee\/?post_type=product&#038;p=103736"},"modified":"2026-01-13T12:04:22","modified_gmt":"2026-01-13T10:04:22","slug":"seinakapp-elin-w45-94","status":"publish","type":"product","link":"https:\/\/mobecor.ee\/en\/toode\/seinakapp-elin-w45-94\/","title":{"rendered":"Seinakapp Elin W45\/94 (45\/32\/94)"},"content":{"rendered":"<p>Elin k\u00f6\u00f6gim\u00f6\u00f6blisarja iseloomustab \u00f5huke ja peen raam, mis lisab m\u00f6\u00f6blile pilkup\u00fc\u00fcdva ning maitsekalt viimistletud detaili.<br \/>\nEsipind: valmistatud 19 mm paksusest fooliumkattega MDF-plaadist, tagades vastupidavuse ja kvaliteetse viimistluse.<br \/>\nEsipindade v\u00e4rvivalik: valge; helehall; oliiv; tumeroheline; hall; ka\u0161miir; must.<br \/>\n<span lang=\"et-EE\">NB! V\u00e4rvid v\u00f5ivad veidi erineda pildil ja tegelikkuses.<br \/>\nKorpus: kvaliteetne ja vastupidav lamineeritud m\u00f6\u00f6bliplaat (16 mm).<br \/>\nKorpuse v\u00e4rvivalik: valge; helehall; hall; must; kaszmir.<\/span><br \/>\nK\u00e4epidemed on valmistatud metallist ja nende vahekaugus on 160 mm.<br \/>\nTeise vahekaugusega k\u00e4epidemeid ei ole v\u00f5imalik valida.<br \/>\nToodetud: Poolas.<br \/>\nToode tarnitakse detailidena.<\/p>\n","protected":false},"excerpt":{"rendered":"<p>1-uksega seinakapp.<br \/>\nLaius: 45 cm.<br \/>\nS\u00fcgavus koos esipinnaga: 32 cm.<br \/>\nK\u00f5rgus: 94 cm.<br \/>\nTarneaeg: 4-8 n\u00e4dalat.<\/p>\n","protected":false},"featured_media":103733,"template":"","meta":{"_acf_changed":false,"inline_featured_image":false},"series":[],"product_brand":[2953],"product_cat":[4005],"product_tag":[],"class_list":{"0":"post-103736","1":"product","2":"type-product","3":"status-publish","4":"has-post-thumbnail","6":"product_brand-layman","7":"product_cat-koogimoobel-elin-seinakapid","9":"first","10":"instock","11":"taxable","12":"shipping-taxable","13":"purchasable","14":"product-type-simple"},"acf":[],"_links":{"self":[{"href":"https:\/\/mobecor.ee\/en\/wp-json\/wp\/v2\/product\/103736","targetHints":{"allow":["GET"]}}],"collection":[{"href":"https:\/\/mobecor.ee\/en\/wp-json\/wp\/v2\/product"}],"about":[{"href":"https:\/\/mobecor.ee\/en\/wp-json\/wp\/v2\/types\/product"}],"wp:featuredmedia":[{"embeddable":true,"href":"https:\/\/mobecor.ee\/en\/wp-json\/wp\/v2\/media\/103733"}],"wp:attachment":[{"href":"https:\/\/mobecor.ee\/en\/wp-json\/wp\/v2\/media?parent=103736"}],"wp:term":[{"taxonomy":"series","embeddable":true,"href":"https:\/\/mobecor.ee\/en\/wp-json\/wp\/v2\/series?post=103736"},{"taxonomy":"product_brand","embeddable":true,"href":"https:\/\/mobecor.ee\/en\/wp-json\/wp\/v2\/product_brand?post=103736"},{"taxonomy":"product_cat","embeddable":true,"href":"https:\/\/mobecor.ee\/en\/wp-json\/wp\/v2\/product_cat?post=103736"},{"taxonomy":"product_tag","embeddable":true,"href":"https:\/\/mobecor.ee\/en\/wp-json\/wp\/v2\/product_tag?post=103736"}],"curies":[{"name":"wp","href":"https:\/\/api.w.org\/{rel}","templated":true}]}}