{"id":103828,"date":"2026-01-13T15:52:58","date_gmt":"2026-01-13T13:52:58","guid":{"rendered":"https:\/\/mobecor.ee\/?post_type=product&#038;p=103828"},"modified":"2026-04-06T09:01:05","modified_gmt":"2026-04-06T06:01:05","slug":"korge-kapp-elin-spm-6-2257","status":"publish","type":"product","link":"https:\/\/mobecor.ee\/en\/toode\/korge-kapp-elin-spm-6-2257\/","title":{"rendered":"K\u00f5rge kapp Elin SPM 6\/225,7"},"content":{"rendered":"<p>Elin k\u00f6\u00f6gim\u00f6\u00f6blisarja iseloomustab \u00f5huke ja peen raam, mis lisab m\u00f6\u00f6blile pilkup\u00fc\u00fcdva ning maitsekalt viimistletud detaili.<br \/>\nEsipind: valmistatud 19 mm paksusest fooliumkattega MDF-plaadist, tagades vastupidavuse ja kvaliteetse viimistluse.<br \/>\nEsipindade v\u00e4rvivalik: valge; helehall; oliiv; tumeroheline; hall; ka\u0161miir; must.<br \/>\n<span lang=\"et-EE\">NB! V\u00e4rvid v\u00f5ivad veidi erineda pildil ja tegelikkuses.<br \/>\nKorpus: kvaliteetne ja vastupidav lamineeritud m\u00f6\u00f6bliplaat (16 mm).<br \/>\nKorpuse v\u00e4rvivalik: valge; helehall; hall; must; kaszmir.<\/span><br \/>\nK\u00e4epidemed on valmistatud metallist ja nende vahekaugus on 160 mm.<br \/>\nTeise vahekaugusega k\u00e4epidemeid ei ole v\u00f5imalik valida.<br \/>\n<span lang=\"et-EE\">Jalad: reguleeritavad. K\u00f5rgusega 10 cm v\u00f5i 15 cm.<br \/>\n<\/span>Sokkel ei kuulu hinna sisse.\u00a0V\u00f5imalik juurde tellida\u00a0sokkel 200 cm\u00a0<a href=\"https:\/\/mobecor.ee\/toode\/sokkel-lora-200-cm\/\" target=\"_blank\" rel=\"noopener\">SIIT<\/a>\u00a0v\u00f5i k\u00fcljesokkel\u00a0<a href=\"https:\/\/mobecor.ee\/toode\/kuljesokkel-lora\/\" target=\"_blank\" rel=\"noopener\">SIIT<\/a>.<strong><br \/>\n<\/strong>Toodetud: Poolas.<br \/>\nToode tarnitakse detailidena.<\/p>\n","protected":false},"excerpt":{"rendered":"<p><span lang=\"et-EE\">Kapil on 2 ust ning kohad integreeritava ahju ja mikrolaineahju jaoks.<br \/>\n<\/span>Ahju esiosa maksimaalne k\u00f5rgus on 59,6 cm. Mikrolaineahju esiosa maksimaalne k\u00f5rgus on 39 cm.<br \/>\nKapi laius: 60 cm.<br \/>\nKapi s\u00fcgavus koos esipinnaga: 58 cm.<br \/>\nKapi k\u00f5rgus ilma jalgadeta: 225,7 cm.<br \/>\n* K\u00f5rgus koos 10 cm jalgadega: 235,7 cm.<br \/>\n* K\u00f5rgus Koos 15 cm jalgadega: 240,7 cm.<br \/>\nTarneaeg: 4-8 n\u00e4dalat.<\/p>\n","protected":false},"featured_media":103831,"template":"","meta":{"_acf_changed":false,"inline_featured_image":false},"series":[],"product_brand":[2953],"product_cat":[4003],"product_tag":[],"class_list":{"0":"post-103828","1":"product","2":"type-product","3":"status-publish","4":"has-post-thumbnail","6":"product_brand-layman","7":"product_cat-koogimoobel-elin-korged-kapid","9":"first","10":"instock","11":"taxable","12":"shipping-taxable","13":"purchasable","14":"product-type-simple"},"acf":[],"_links":{"self":[{"href":"https:\/\/mobecor.ee\/en\/wp-json\/wp\/v2\/product\/103828","targetHints":{"allow":["GET"]}}],"collection":[{"href":"https:\/\/mobecor.ee\/en\/wp-json\/wp\/v2\/product"}],"about":[{"href":"https:\/\/mobecor.ee\/en\/wp-json\/wp\/v2\/types\/product"}],"wp:featuredmedia":[{"embeddable":true,"href":"https:\/\/mobecor.ee\/en\/wp-json\/wp\/v2\/media\/103831"}],"wp:attachment":[{"href":"https:\/\/mobecor.ee\/en\/wp-json\/wp\/v2\/media?parent=103828"}],"wp:term":[{"taxonomy":"series","embeddable":true,"href":"https:\/\/mobecor.ee\/en\/wp-json\/wp\/v2\/series?post=103828"},{"taxonomy":"product_brand","embeddable":true,"href":"https:\/\/mobecor.ee\/en\/wp-json\/wp\/v2\/product_brand?post=103828"},{"taxonomy":"product_cat","embeddable":true,"href":"https:\/\/mobecor.ee\/en\/wp-json\/wp\/v2\/product_cat?post=103828"},{"taxonomy":"product_tag","embeddable":true,"href":"https:\/\/mobecor.ee\/en\/wp-json\/wp\/v2\/product_tag?post=103828"}],"curies":[{"name":"wp","href":"https:\/\/api.w.org\/{rel}","templated":true}]}}