{"id":103997,"date":"2026-01-14T14:48:35","date_gmt":"2026-01-14T12:48:35","guid":{"rendered":"https:\/\/mobecor.ee\/?post_type=product&#038;p=103997"},"modified":"2026-01-20T11:25:00","modified_gmt":"2026-01-20T09:25:00","slug":"voodi-smart-sr6-antratsiithall-180","status":"publish","type":"product","link":"https:\/\/mobecor.ee\/en\/toode\/voodi-smart-sr6-antratsiithall-180\/","title":{"rendered":"Voodi Smart SR6 antratsiithall (180*200)"},"content":{"rendered":"<p>Voodi peatsis on halli kangaga kaetud pehme polsterdus (kangas Molly 85).<br \/>\nVoodil on \u00fclest\u00f5stetav p\u00f5hi ja pesukast.<br \/>\nMaterjal: kvaliteetne ja vastupidav fooliumkattega laminaat.<br \/>\nV\u00e4rv: antratsiithall.<br \/>\nToode tarnitakse detailidena.<br \/>\nToodetud: Poolas.<span style=\"font-size: 10pt;\"><br \/>\n<\/span><\/p>\n","protected":false},"excerpt":{"rendered":"<p>Voodile sobib madrats m\u00f5\u00f5tudes 180*200 cm.<br \/>\nMadrats ei kuulu komplekti.<br \/>\nVoodi laius: 200,5 cm.<br \/>\nVooodi s\u00fcgavus: 208 cm.<br \/>\nVoodi k\u00f5rgus: 98 cm.<br \/>\nTarneaeg: 4-8 n\u00e4dalat.<\/p>\n","protected":false},"featured_media":11382,"template":"","meta":{"_acf_changed":false,"inline_featured_image":false},"series":[2832],"product_brand":[2940],"product_cat":[4017],"product_tag":[],"class_list":{"0":"post-103997","1":"product","2":"type-product","3":"status-publish","4":"has-post-thumbnail","6":"series-smart","7":"product_brand-meblar","8":"product_cat-voodid-180-x-200","10":"first","11":"instock","12":"taxable","13":"shipping-taxable","14":"purchasable","15":"product-type-simple"},"acf":[],"_links":{"self":[{"href":"https:\/\/mobecor.ee\/en\/wp-json\/wp\/v2\/product\/103997","targetHints":{"allow":["GET"]}}],"collection":[{"href":"https:\/\/mobecor.ee\/en\/wp-json\/wp\/v2\/product"}],"about":[{"href":"https:\/\/mobecor.ee\/en\/wp-json\/wp\/v2\/types\/product"}],"wp:featuredmedia":[{"embeddable":true,"href":"https:\/\/mobecor.ee\/en\/wp-json\/wp\/v2\/media\/11382"}],"wp:attachment":[{"href":"https:\/\/mobecor.ee\/en\/wp-json\/wp\/v2\/media?parent=103997"}],"wp:term":[{"taxonomy":"series","embeddable":true,"href":"https:\/\/mobecor.ee\/en\/wp-json\/wp\/v2\/series?post=103997"},{"taxonomy":"product_brand","embeddable":true,"href":"https:\/\/mobecor.ee\/en\/wp-json\/wp\/v2\/product_brand?post=103997"},{"taxonomy":"product_cat","embeddable":true,"href":"https:\/\/mobecor.ee\/en\/wp-json\/wp\/v2\/product_cat?post=103997"},{"taxonomy":"product_tag","embeddable":true,"href":"https:\/\/mobecor.ee\/en\/wp-json\/wp\/v2\/product_tag?post=103997"}],"curies":[{"name":"wp","href":"https:\/\/api.w.org\/{rel}","templated":true}]}}