{"id":104001,"date":"2026-01-14T14:53:05","date_gmt":"2026-01-14T12:53:05","guid":{"rendered":"https:\/\/mobecor.ee\/?post_type=product&#038;p=104001"},"modified":"2026-01-14T14:57:42","modified_gmt":"2026-01-14T12:57:42","slug":"ookapp-smart-sr7-kasmiir","status":"publish","type":"product","link":"https:\/\/mobecor.ee\/en\/toode\/ookapp-smart-sr7-kasmiir\/","title":{"rendered":"\u00d6\u00f6kapp Smart SR7 ka\u0161miir (40\/35\/40)"},"content":{"rendered":"<p>\u00d6\u00f6kapil on 1 sahtel.<br \/>\nMaterjal: kvaliteetne ja vastupidav fooliumkattega laminaat.<br \/>\nV\u00e4rv: ka\u0161miir.<br \/>\nToode tarnitakse detailidena.<br \/>\nToodetud: Poolas.<span style=\"font-size: 10pt;\"><br \/>\n<\/span><\/p>\n","protected":false},"excerpt":{"rendered":"<p>Laius:\u00a040 cm.<br \/>\nS\u00fcgavus:\u00a035 cm.<br \/>\nK\u00f5rgus:\u00a040 cm.<br \/>\nTarneaeg: 4-8 n\u00e4dalat.<\/p>\n","protected":false},"featured_media":104004,"template":"","meta":{"_acf_changed":false,"inline_featured_image":false},"series":[2832],"product_brand":[2940],"product_cat":[231],"product_tag":[],"class_list":{"0":"post-104001","1":"product","2":"type-product","3":"status-publish","4":"has-post-thumbnail","6":"series-smart","7":"product_brand-meblar","8":"product_cat-ookapid","10":"first","11":"instock","12":"taxable","13":"shipping-taxable","14":"purchasable","15":"product-type-simple"},"acf":[],"_links":{"self":[{"href":"https:\/\/mobecor.ee\/en\/wp-json\/wp\/v2\/product\/104001","targetHints":{"allow":["GET"]}}],"collection":[{"href":"https:\/\/mobecor.ee\/en\/wp-json\/wp\/v2\/product"}],"about":[{"href":"https:\/\/mobecor.ee\/en\/wp-json\/wp\/v2\/types\/product"}],"wp:featuredmedia":[{"embeddable":true,"href":"https:\/\/mobecor.ee\/en\/wp-json\/wp\/v2\/media\/104004"}],"wp:attachment":[{"href":"https:\/\/mobecor.ee\/en\/wp-json\/wp\/v2\/media?parent=104001"}],"wp:term":[{"taxonomy":"series","embeddable":true,"href":"https:\/\/mobecor.ee\/en\/wp-json\/wp\/v2\/series?post=104001"},{"taxonomy":"product_brand","embeddable":true,"href":"https:\/\/mobecor.ee\/en\/wp-json\/wp\/v2\/product_brand?post=104001"},{"taxonomy":"product_cat","embeddable":true,"href":"https:\/\/mobecor.ee\/en\/wp-json\/wp\/v2\/product_cat?post=104001"},{"taxonomy":"product_tag","embeddable":true,"href":"https:\/\/mobecor.ee\/en\/wp-json\/wp\/v2\/product_tag?post=104001"}],"curies":[{"name":"wp","href":"https:\/\/api.w.org\/{rel}","templated":true}]}}