{"id":104630,"date":"2026-01-22T09:27:07","date_gmt":"2026-01-22T07:27:07","guid":{"rendered":"https:\/\/mobecor.ee\/?post_type=product&#038;p=104630"},"modified":"2026-04-09T10:40:44","modified_gmt":"2026-04-09T07:40:44","slug":"kummut-goldin-05-tartu-poes","status":"publish","type":"product","link":"https:\/\/mobecor.ee\/en\/toode\/kummut-goldin-05-tartu-poes\/","title":{"rendered":"Kummut Goldin 05  (120\/40\/85)\/Tartu poes"},"content":{"rendered":"<p>Kummutil on 1 uks ja 3 sahtlit.<br \/>\nEsipinnad on valmistatud valget v\u00e4rvi l\u00e4ikivast MDF plaadist, paksusega 19 mm.<br \/>\nEsipindade v\u00e4rv: valge.<br \/>\nServad on viimistletud vastupidava ABS spooniga, mis on vastupidav igap\u00e4evasele kasutamisele.<br \/>\nKorpus: lamineeritud m\u00f6\u00f6bliplaat 16 mm; v\u00e4rv &#8211; valge.<br \/>\nK\u00e4epidemed: kuldset v\u00e4rvi metallist.<br \/>\nJalad: kuldset v\u00e4rvi metallist.<br \/>\nJalgade k\u00f5rgus: 18 cm.<br \/>\nUks on vaikselt sulguv.<br \/>\nSahtlid on t\u00e4ispikendatavad.<br \/>\nToode tarnitakse detailidena.<br \/>\nToodetud: Poolas.<\/p>\n","protected":false},"excerpt":{"rendered":"<p>Laius: 120 cm.<br \/>\nS\u00fcgavus: 40 cm.<br \/>\nK\u00f5rgus: 85\u00a0 cm.<br \/>\n<strong>Tarneaeg: kohe olemas kokku monteerituna Tartu poes.<\/strong><\/p>\n","protected":false},"featured_media":10350,"template":"","meta":{"_acf_changed":false,"inline_featured_image":false},"series":[2754],"product_brand":[2938],"product_cat":[4020,36],"product_tag":[],"class_list":{"0":"post-104630","1":"product","2":"type-product","3":"status-publish","4":"has-post-thumbnail","6":"series-goldin","7":"product_brand-ml-meble","8":"product_cat-kohe-olemas-tartu-poes","9":"product_cat-kummutid","11":"first","12":"instock","13":"sale","14":"taxable","15":"shipping-taxable","16":"purchasable","17":"product-type-simple"},"acf":[],"_links":{"self":[{"href":"https:\/\/mobecor.ee\/en\/wp-json\/wp\/v2\/product\/104630","targetHints":{"allow":["GET"]}}],"collection":[{"href":"https:\/\/mobecor.ee\/en\/wp-json\/wp\/v2\/product"}],"about":[{"href":"https:\/\/mobecor.ee\/en\/wp-json\/wp\/v2\/types\/product"}],"wp:featuredmedia":[{"embeddable":true,"href":"https:\/\/mobecor.ee\/en\/wp-json\/wp\/v2\/media\/10350"}],"wp:attachment":[{"href":"https:\/\/mobecor.ee\/en\/wp-json\/wp\/v2\/media?parent=104630"}],"wp:term":[{"taxonomy":"series","embeddable":true,"href":"https:\/\/mobecor.ee\/en\/wp-json\/wp\/v2\/series?post=104630"},{"taxonomy":"product_brand","embeddable":true,"href":"https:\/\/mobecor.ee\/en\/wp-json\/wp\/v2\/product_brand?post=104630"},{"taxonomy":"product_cat","embeddable":true,"href":"https:\/\/mobecor.ee\/en\/wp-json\/wp\/v2\/product_cat?post=104630"},{"taxonomy":"product_tag","embeddable":true,"href":"https:\/\/mobecor.ee\/en\/wp-json\/wp\/v2\/product_tag?post=104630"}],"curies":[{"name":"wp","href":"https:\/\/api.w.org\/{rel}","templated":true}]}}