{"id":104666,"date":"2026-01-22T10:36:07","date_gmt":"2026-01-22T08:36:07","guid":{"rendered":"https:\/\/mobecor.ee\/?post_type=product&#038;p=104666"},"modified":"2026-04-08T14:37:27","modified_gmt":"2026-04-08T11:37:27","slug":"tugitool-viivi-tartu-poes","status":"publish","type":"product","link":"https:\/\/mobecor.ee\/en\/toode\/tugitool-viivi-tartu-poes\/","title":{"rendered":"Tugitool Viivi (65\/83\/103)\/laos kohe olemas"},"content":{"rendered":"<p>Tugitool Viivi on suurep\u00e4rane valik nii modernsesse kodusse kui ka klassikalisse interj\u00f6\u00f6ri.<br \/>\nTugitoolil on k\u00f5rge seljatugi ja padi kaela toetamiseks.<br \/>\nTugitooli karkass, k\u00e4etoed ja jalad on valmistatud puidust.<br \/>\nTugitooli iste ja seljatugi on kaetud kangaga, pehmenduseks poroloon.<br \/>\nSuuremat kanga ja puidu valikut saab n\u00e4ha Mobecori V\u00f5ru poes.<span style=\"font-size: 14px; line-height: 1.3em;\"><br \/>\n<\/span><\/p>\n","protected":false},"excerpt":{"rendered":"<p>Laius: 65 cm.<br \/>\nS\u00fcgavus: 83 cm.<br \/>\nK\u00f5rgus: 102 cm.<br \/>\nIstumisk\u00f5rgus: 45 cm.<br \/>\nJala k\u00f5rgus: 12 cm.<br \/>\nToodetud: Eestis.<br \/>\n<strong>Tarneaeg: kohe olemas (kangaga <a href=\"https:\/\/www.davis.pl\/en\/collection\/tilia-2\/\" target=\"_blank\" rel=\"noopener\">Tilia 52<\/a>).<\/strong><br \/>\nTellimiseks teiste kangastega leiab tugitool Viivi <a href=\"https:\/\/mobecor.ee\/toode\/tugitool-viivi\/\" target=\"_blank\" rel=\"noopener\">SIIT<\/a>.<\/p>\n","protected":false},"featured_media":104668,"template":"","meta":{"_acf_changed":false,"inline_featured_image":false},"series":[],"product_brand":[3021],"product_cat":[285,2935],"product_tag":[],"class_list":{"0":"post-104666","1":"product","2":"type-product","3":"status-publish","4":"has-post-thumbnail","6":"product_brand-perepuit","7":"product_cat-tugitoolid","8":"product_cat-pehmemoobel-laos","10":"first","11":"instock","12":"sale","13":"taxable","14":"shipping-taxable","15":"purchasable","16":"product-type-simple"},"acf":[],"_links":{"self":[{"href":"https:\/\/mobecor.ee\/en\/wp-json\/wp\/v2\/product\/104666","targetHints":{"allow":["GET"]}}],"collection":[{"href":"https:\/\/mobecor.ee\/en\/wp-json\/wp\/v2\/product"}],"about":[{"href":"https:\/\/mobecor.ee\/en\/wp-json\/wp\/v2\/types\/product"}],"wp:featuredmedia":[{"embeddable":true,"href":"https:\/\/mobecor.ee\/en\/wp-json\/wp\/v2\/media\/104668"}],"wp:attachment":[{"href":"https:\/\/mobecor.ee\/en\/wp-json\/wp\/v2\/media?parent=104666"}],"wp:term":[{"taxonomy":"series","embeddable":true,"href":"https:\/\/mobecor.ee\/en\/wp-json\/wp\/v2\/series?post=104666"},{"taxonomy":"product_brand","embeddable":true,"href":"https:\/\/mobecor.ee\/en\/wp-json\/wp\/v2\/product_brand?post=104666"},{"taxonomy":"product_cat","embeddable":true,"href":"https:\/\/mobecor.ee\/en\/wp-json\/wp\/v2\/product_cat?post=104666"},{"taxonomy":"product_tag","embeddable":true,"href":"https:\/\/mobecor.ee\/en\/wp-json\/wp\/v2\/product_tag?post=104666"}],"curies":[{"name":"wp","href":"https:\/\/api.w.org\/{rel}","templated":true}]}}