{"id":104690,"date":"2026-01-22T13:32:41","date_gmt":"2026-01-22T11:32:41","guid":{"rendered":"https:\/\/mobecor.ee\/?post_type=product&#038;p=104690"},"modified":"2026-01-22T14:34:32","modified_gmt":"2026-01-22T12:34:32","slug":"nurgadiivanvoodi-modena1-1gr","status":"publish","type":"product","link":"https:\/\/mobecor.ee\/en\/toode\/nurgadiivanvoodi-modena1-1gr\/","title":{"rendered":"Nurgadiivanvoodi Modena I (240\/140\/90) kangas 1gr."},"content":{"rendered":"<p>Nurgadiivanil on universaalne nurgaosa, paigaldatav nii vasakule kui paremale.<br \/>\nVedrustus: B-t\u00fc\u00fcpi\u00a0 vedrud\u00a0 (sik-sak).<br \/>\nNurgadiivanil on 2 pesukasti.<br \/>\nMagamisosa avaneb lihtsalt ja sobib igap\u00e4evaseks kasutamiseks.<br \/>\nToodetud: Poolas.<\/p>\n","protected":false},"excerpt":{"rendered":"<p>Laius: 240 cm.<br \/>\nS\u00fcgavus: 140 cm.<br \/>\nK\u00f5rgus: 90 cm.<br \/>\nMagamisosa : 142 x 207 cm.<br \/>\nTarneaeg: 4-8 n\u00e4dalat.<br \/>\nNB! Kangaste v\u00e4rv v\u00f5ib veidi erineda pildil ja tegelikkuses (heledam v\u00f5i tumedam).<br \/>\nK\u00f5iki tellitavaid kangaid on v\u00f5imalik n\u00e4ha Mobecori m\u00f6\u00f6blipoodides V\u00f5rus ja Tartus.<\/p>\n","protected":false},"featured_media":104691,"template":"","meta":{"_acf_changed":false,"inline_featured_image":false},"series":[],"product_brand":[2945],"product_cat":[213],"product_tag":[],"class_list":{"0":"post-104690","1":"product","2":"type-product","3":"status-publish","4":"has-post-thumbnail","6":"product_brand-liveo","7":"product_cat-nurgadiivanid","9":"first","10":"instock","11":"taxable","12":"shipping-taxable","13":"purchasable","14":"product-type-simple"},"acf":[],"_links":{"self":[{"href":"https:\/\/mobecor.ee\/en\/wp-json\/wp\/v2\/product\/104690","targetHints":{"allow":["GET"]}}],"collection":[{"href":"https:\/\/mobecor.ee\/en\/wp-json\/wp\/v2\/product"}],"about":[{"href":"https:\/\/mobecor.ee\/en\/wp-json\/wp\/v2\/types\/product"}],"wp:featuredmedia":[{"embeddable":true,"href":"https:\/\/mobecor.ee\/en\/wp-json\/wp\/v2\/media\/104691"}],"wp:attachment":[{"href":"https:\/\/mobecor.ee\/en\/wp-json\/wp\/v2\/media?parent=104690"}],"wp:term":[{"taxonomy":"series","embeddable":true,"href":"https:\/\/mobecor.ee\/en\/wp-json\/wp\/v2\/series?post=104690"},{"taxonomy":"product_brand","embeddable":true,"href":"https:\/\/mobecor.ee\/en\/wp-json\/wp\/v2\/product_brand?post=104690"},{"taxonomy":"product_cat","embeddable":true,"href":"https:\/\/mobecor.ee\/en\/wp-json\/wp\/v2\/product_cat?post=104690"},{"taxonomy":"product_tag","embeddable":true,"href":"https:\/\/mobecor.ee\/en\/wp-json\/wp\/v2\/product_tag?post=104690"}],"curies":[{"name":"wp","href":"https:\/\/api.w.org\/{rel}","templated":true}]}}