{"id":104753,"date":"2026-01-22T15:30:13","date_gmt":"2026-01-22T13:30:13","guid":{"rendered":"https:\/\/mobecor.ee\/?post_type=product&#038;p=104753"},"modified":"2026-04-07T17:02:35","modified_gmt":"2026-04-07T14:02:35","slug":"diivanilaud-chinon-tartu-poes","status":"publish","type":"product","link":"https:\/\/mobecor.ee\/en\/toode\/diivanilaud-chinon-tartu-poes\/","title":{"rendered":"Diivanilaud Chinon (66\/66\/53)"},"content":{"rendered":"<p>Diivanilaua jalad ja plaatide \u00e4\u00e4red on tammepuust.<br \/>\nLauaplaadid (\u00fclemine ja alumine) on valmistatud m\u00f6\u00f6bliplaadist, kaetud naturaalse spooniga.<br \/>\nLaud on valmistatud k\u00e4sit\u00f6\u00f6na.<br \/>\nToodetud: Poolas.<\/p>\n","protected":false},"excerpt":{"rendered":"<p><span class=\"title\"><span dir=\"auto\">Laius:<\/span><\/span><span dir=\"auto\"> 66 cm.<br \/>\n<\/span><span class=\"title\"><span dir=\"auto\">S\u00fcgavus:<\/span><\/span><span dir=\"auto\"> 66 cm.<br \/>\n<\/span><span class=\"title\"><span dir=\"auto\">K\u00f5rgus:<\/span><\/span><span dir=\"auto\"> 53 cm.<br \/>\nTarneaeg: laos kohe olemas.<\/span><\/p>\n","protected":false},"featured_media":104758,"template":"","meta":{"_acf_changed":false,"inline_featured_image":false},"series":[],"product_brand":[3968],"product_cat":[37,2929],"product_tag":[],"class_list":{"0":"post-104753","1":"product","2":"type-product","3":"status-publish","4":"has-post-thumbnail","6":"product_brand-muu","7":"product_cat-diivanilauad","8":"product_cat-diivanilauad-laos","10":"first","11":"instock","12":"sale","13":"taxable","14":"shipping-taxable","15":"purchasable","16":"product-type-simple"},"acf":[],"_links":{"self":[{"href":"https:\/\/mobecor.ee\/en\/wp-json\/wp\/v2\/product\/104753","targetHints":{"allow":["GET"]}}],"collection":[{"href":"https:\/\/mobecor.ee\/en\/wp-json\/wp\/v2\/product"}],"about":[{"href":"https:\/\/mobecor.ee\/en\/wp-json\/wp\/v2\/types\/product"}],"wp:featuredmedia":[{"embeddable":true,"href":"https:\/\/mobecor.ee\/en\/wp-json\/wp\/v2\/media\/104758"}],"wp:attachment":[{"href":"https:\/\/mobecor.ee\/en\/wp-json\/wp\/v2\/media?parent=104753"}],"wp:term":[{"taxonomy":"series","embeddable":true,"href":"https:\/\/mobecor.ee\/en\/wp-json\/wp\/v2\/series?post=104753"},{"taxonomy":"product_brand","embeddable":true,"href":"https:\/\/mobecor.ee\/en\/wp-json\/wp\/v2\/product_brand?post=104753"},{"taxonomy":"product_cat","embeddable":true,"href":"https:\/\/mobecor.ee\/en\/wp-json\/wp\/v2\/product_cat?post=104753"},{"taxonomy":"product_tag","embeddable":true,"href":"https:\/\/mobecor.ee\/en\/wp-json\/wp\/v2\/product_tag?post=104753"}],"curies":[{"name":"wp","href":"https:\/\/api.w.org\/{rel}","templated":true}]}}