{"id":104825,"date":"2026-01-26T08:49:53","date_gmt":"2026-01-26T06:49:53","guid":{"rendered":"https:\/\/mobecor.ee\/?post_type=product&#038;p=104825"},"modified":"2026-01-26T09:02:20","modified_gmt":"2026-01-26T07:02:20","slug":"koogikomplekt-campari-tartu-poes","status":"publish","type":"product","link":"https:\/\/mobecor.ee\/en\/toode\/koogikomplekt-campari-tartu-poes\/","title":{"rendered":"K\u00f6\u00f6gikomplekt Campari  (260\/54\/82)\/Tartu poes"},"content":{"rendered":"","protected":false},"excerpt":{"rendered":"<p>Komplekti kuulub 4 kappi.<br \/>\n* 3-sahtliga kapp, laiusega 80 cm.<br \/>\n* 2-uksega kapp, laiusega 60 cm.<br \/>\n* 1-sahtliga valamukapp, laiusega 60 cm.<br \/>\n* ahjukapp, lausega 60 cm (pakendis).<br \/>\nKappide esipinnad on musta v\u00e4rvi, l\u00e4ikivad.<br \/>\nMusta l\u00e4ikivat esipinda juurde tellida ei saa.<br \/>\nK\u00f5iki tellitavaid v\u00e4rve ja kappe sarjast Campari n\u00e4eb <a href=\"https:\/\/mobecor.ee\/tootekategooria\/koogimoobel\/campari\/campari-kapid-eraldi\/\" target=\"_blank\" rel=\"noopener\">SIIT<\/a>.<br \/>\n<span lang=\"et-EE\">Korpus: kvaliteetne ja vastupidav lamineeritud m\u00f6\u00f6bliplaat (16 mm).<br \/>\n<\/span>K\u00e4epidemed: alumiiniumist.<br \/>\n<span lang=\"et-EE\">Jalad: reguleeritavad. K\u00f5rgusega 10 cm.<br \/>\n<\/span><strong>NB! T\u00f6\u00f6pind ei kuulu hinna sisse.<br \/>\n<\/strong>Toodetud: Poolas.<br \/>\nKomplekt on kokku monteeritud, v\u00e4lja arvatud ahjukapp, mis on pakendis detailidena.<br \/>\nLaius: 260cm.<br \/>\nS\u00fcgavus koos esipinnaga: 54 cm.<br \/>\nK\u00f5rgus: 82 cm.<br \/>\n<strong>Tarneaeg: kohe olemas Mobecori Tartu poes, Teguri tn.39.<\/strong><\/p>\n","protected":false},"featured_media":104843,"template":"","meta":{"_acf_changed":false,"inline_featured_image":false},"series":[],"product_brand":[2953],"product_cat":[4020],"product_tag":[],"class_list":{"0":"post-104825","1":"product","2":"type-product","3":"status-publish","4":"has-post-thumbnail","6":"product_brand-layman","7":"product_cat-kohe-olemas-tartu-poes","9":"first","10":"instock","11":"sale","12":"taxable","13":"shipping-taxable","14":"purchasable","15":"product-type-simple"},"acf":[],"_links":{"self":[{"href":"https:\/\/mobecor.ee\/en\/wp-json\/wp\/v2\/product\/104825","targetHints":{"allow":["GET"]}}],"collection":[{"href":"https:\/\/mobecor.ee\/en\/wp-json\/wp\/v2\/product"}],"about":[{"href":"https:\/\/mobecor.ee\/en\/wp-json\/wp\/v2\/types\/product"}],"wp:featuredmedia":[{"embeddable":true,"href":"https:\/\/mobecor.ee\/en\/wp-json\/wp\/v2\/media\/104843"}],"wp:attachment":[{"href":"https:\/\/mobecor.ee\/en\/wp-json\/wp\/v2\/media?parent=104825"}],"wp:term":[{"taxonomy":"series","embeddable":true,"href":"https:\/\/mobecor.ee\/en\/wp-json\/wp\/v2\/series?post=104825"},{"taxonomy":"product_brand","embeddable":true,"href":"https:\/\/mobecor.ee\/en\/wp-json\/wp\/v2\/product_brand?post=104825"},{"taxonomy":"product_cat","embeddable":true,"href":"https:\/\/mobecor.ee\/en\/wp-json\/wp\/v2\/product_cat?post=104825"},{"taxonomy":"product_tag","embeddable":true,"href":"https:\/\/mobecor.ee\/en\/wp-json\/wp\/v2\/product_tag?post=104825"}],"curies":[{"name":"wp","href":"https:\/\/api.w.org\/{rel}","templated":true}]}}