{"id":104863,"date":"2026-01-26T11:12:15","date_gmt":"2026-01-26T09:12:15","guid":{"rendered":"https:\/\/mobecor.ee\/?post_type=product&#038;p=104863"},"modified":"2026-01-27T07:06:42","modified_gmt":"2026-01-27T05:06:42","slug":"kummut-diana-da-13-lefkas-laos","status":"publish","type":"product","link":"https:\/\/mobecor.ee\/en\/toode\/kummut-diana-da-13-lefkas-laos\/","title":{"rendered":"Kummut Diana DA-13, tume tamm lefkas (95\/47\/89)\/Laos kohe olemas"},"content":{"rendered":"<p>Kummutil on: 3 kitsamat sahtlit ja 2 laiemat sahtlit.<br \/>\nMaterjal: kvaliteetne ja vastupidav laminaat. Jalad: p\u00f6\u00f6gipuit. K\u00e4epidemed: metallist.<br \/>\nV\u00e4rv: tume tamm lefkas.<br \/>\nToode tarnitakse detailidena.<br \/>\nToodetud: Poolas.<\/p>\n","protected":false},"excerpt":{"rendered":"<p>Laius: 95 cm<br \/>\nS\u00fcgavus: 47 cm.<br \/>\nK\u00f5rgus:\u00a089 cm.<br \/>\n<strong>Tarneaeg: laos kohe olemas.<br \/>\n<\/strong>K\u00f5ik tooted ja v\u00e4rvid sarjast Diana leiab <a href=\"https:\/\/mobecor.ee\/sarjad\/diana\/\" target=\"_blank\" rel=\"noopener\">SIIT<\/a>.<\/p>\n","protected":false},"featured_media":104864,"template":"","meta":{"_acf_changed":false,"inline_featured_image":false},"series":[3006],"product_brand":[2943],"product_cat":[36,2928],"product_tag":[],"class_list":{"0":"post-104863","1":"product","2":"type-product","3":"status-publish","4":"has-post-thumbnail","6":"series-diana","7":"product_brand-mlotmeble","8":"product_cat-kummutid","9":"product_cat-kummutid-ja-kapid-laos","11":"first","12":"instock","13":"sale","14":"taxable","15":"shipping-taxable","16":"purchasable","17":"product-type-simple"},"acf":[],"_links":{"self":[{"href":"https:\/\/mobecor.ee\/en\/wp-json\/wp\/v2\/product\/104863","targetHints":{"allow":["GET"]}}],"collection":[{"href":"https:\/\/mobecor.ee\/en\/wp-json\/wp\/v2\/product"}],"about":[{"href":"https:\/\/mobecor.ee\/en\/wp-json\/wp\/v2\/types\/product"}],"wp:featuredmedia":[{"embeddable":true,"href":"https:\/\/mobecor.ee\/en\/wp-json\/wp\/v2\/media\/104864"}],"wp:attachment":[{"href":"https:\/\/mobecor.ee\/en\/wp-json\/wp\/v2\/media?parent=104863"}],"wp:term":[{"taxonomy":"series","embeddable":true,"href":"https:\/\/mobecor.ee\/en\/wp-json\/wp\/v2\/series?post=104863"},{"taxonomy":"product_brand","embeddable":true,"href":"https:\/\/mobecor.ee\/en\/wp-json\/wp\/v2\/product_brand?post=104863"},{"taxonomy":"product_cat","embeddable":true,"href":"https:\/\/mobecor.ee\/en\/wp-json\/wp\/v2\/product_cat?post=104863"},{"taxonomy":"product_tag","embeddable":true,"href":"https:\/\/mobecor.ee\/en\/wp-json\/wp\/v2\/product_tag?post=104863"}],"curies":[{"name":"wp","href":"https:\/\/api.w.org\/{rel}","templated":true}]}}