{"id":104868,"date":"2026-01-26T11:40:31","date_gmt":"2026-01-26T09:40:31","guid":{"rendered":"https:\/\/mobecor.ee\/?post_type=product&#038;p=104868"},"modified":"2026-01-27T07:04:55","modified_gmt":"2026-01-27T05:04:55","slug":"vitriinkapp-diana-da-4-valge-laos-olemas","status":"publish","type":"product","link":"https:\/\/mobecor.ee\/en\/toode\/vitriinkapp-diana-da-4-valge-laos-olemas\/","title":{"rendered":"Vitriinkapp Diana DA-4, valge m\u00e4nd (75\/42\/196)\/Laos kohe olemas"},"content":{"rendered":"<p>Vitriinkapil on 1 osaliselt klaasiga uks ja 3 sahtlit.<br \/>\nMaterjal: kvaliteetne ja vastupidav laminaat. Jalad: p\u00f6\u00f6gipuit. K\u00e4epidemed: metallist.<br \/>\nV\u00e4rv: valge m\u00e4nd.<br \/>\nToode tarnitakse detailidena.<br \/>\nToodetud: Poolas.<\/p>\n<p>&nbsp;<\/p>\n","protected":false},"excerpt":{"rendered":"<p>Laius: 75 cm<br \/>\nS\u00fcgavus: 42 cm.<br \/>\nK\u00f5rgus: 196 cm.<br \/>\n<strong>Tarneaeg: laos kohe olemas.<br \/>\n<\/strong>K\u00f5ik tooted ja v\u00e4rvid sarjast Diana leiab <a href=\"https:\/\/mobecor.ee\/sarjad\/diana\/\" target=\"_blank\" rel=\"noopener\">SIIT<\/a>.<strong><br \/>\n<\/strong><\/p>\n","protected":false},"featured_media":73853,"template":"","meta":{"_acf_changed":false,"inline_featured_image":false},"series":[3006],"product_brand":[2943],"product_cat":[33,2925],"product_tag":[],"class_list":{"0":"post-104868","1":"product","2":"type-product","3":"status-publish","4":"has-post-thumbnail","6":"series-diana","7":"product_brand-mlotmeble","8":"product_cat-vitriinid","9":"product_cat-vitriinkapid-ja-seinakapid-laos","11":"first","12":"instock","13":"sale","14":"taxable","15":"shipping-taxable","16":"purchasable","17":"product-type-simple"},"acf":[],"_links":{"self":[{"href":"https:\/\/mobecor.ee\/en\/wp-json\/wp\/v2\/product\/104868","targetHints":{"allow":["GET"]}}],"collection":[{"href":"https:\/\/mobecor.ee\/en\/wp-json\/wp\/v2\/product"}],"about":[{"href":"https:\/\/mobecor.ee\/en\/wp-json\/wp\/v2\/types\/product"}],"wp:featuredmedia":[{"embeddable":true,"href":"https:\/\/mobecor.ee\/en\/wp-json\/wp\/v2\/media\/73853"}],"wp:attachment":[{"href":"https:\/\/mobecor.ee\/en\/wp-json\/wp\/v2\/media?parent=104868"}],"wp:term":[{"taxonomy":"series","embeddable":true,"href":"https:\/\/mobecor.ee\/en\/wp-json\/wp\/v2\/series?post=104868"},{"taxonomy":"product_brand","embeddable":true,"href":"https:\/\/mobecor.ee\/en\/wp-json\/wp\/v2\/product_brand?post=104868"},{"taxonomy":"product_cat","embeddable":true,"href":"https:\/\/mobecor.ee\/en\/wp-json\/wp\/v2\/product_cat?post=104868"},{"taxonomy":"product_tag","embeddable":true,"href":"https:\/\/mobecor.ee\/en\/wp-json\/wp\/v2\/product_tag?post=104868"}],"curies":[{"name":"wp","href":"https:\/\/api.w.org\/{rel}","templated":true}]}}