{"id":104932,"date":"2026-01-26T16:31:03","date_gmt":"2026-01-26T14:31:03","guid":{"rendered":"https:\/\/mobecor.ee\/?post_type=product&#038;p=104932"},"modified":"2026-03-30T07:48:13","modified_gmt":"2026-03-30T04:48:13","slug":"vitriinkapp-amber-ar2-68-39-198-laos-kohe-olemas","status":"publish","type":"product","link":"https:\/\/mobecor.ee\/en\/toode\/vitriinkapp-amber-ar2-68-39-198-laos-kohe-olemas\/","title":{"rendered":"Vitriinkapp Amber AR2 (68\/39\/198)\/Laos kohe olemas"},"content":{"rendered":"<p>Vitriinkapil on 1 uks ja 1 sahtel. Uks ja k\u00fclg on osaliselt klaasiga.<br \/>\nUkse taga on klaasist riiulid.<br \/>\nMaterjal: kvaliteetne ja vastupidav melamiinkattega laminaat + klaas.<br \/>\nV\u00e4rvivalik: tamm d\u017eiki (hele); tamm stirling (tume); valge m\u00e4nd.<br \/>\nToodetud: Poolas.<br \/>\nToode tarnitakse detailidena.<\/p>\n","protected":false},"excerpt":{"rendered":"<p>Laius:\u00a068 cm.<br \/>\nS\u00fcgavus: 39 cm.<br \/>\nK\u00f5rgus:\u00a0198 cm.<br \/>\n<strong>Tarneaeg: laos kohe olemas k\u00f5ik v\u00e4rvid, ilma led valgustuseta.<\/strong><\/p>\n","protected":false},"featured_media":73746,"template":"","meta":{"_acf_changed":false,"inline_featured_image":false},"series":[2715],"product_brand":[2943],"product_cat":[33,2925],"product_tag":[],"class_list":{"0":"post-104932","1":"product","2":"type-product","3":"status-publish","4":"has-post-thumbnail","6":"series-amber","7":"product_brand-mlotmeble","8":"product_cat-vitriinid","9":"product_cat-vitriinkapid-ja-seinakapid-laos","11":"first","12":"instock","13":"sale","14":"taxable","15":"shipping-taxable","16":"purchasable","17":"product-type-variable"},"acf":[],"_links":{"self":[{"href":"https:\/\/mobecor.ee\/en\/wp-json\/wp\/v2\/product\/104932","targetHints":{"allow":["GET"]}}],"collection":[{"href":"https:\/\/mobecor.ee\/en\/wp-json\/wp\/v2\/product"}],"about":[{"href":"https:\/\/mobecor.ee\/en\/wp-json\/wp\/v2\/types\/product"}],"wp:featuredmedia":[{"embeddable":true,"href":"https:\/\/mobecor.ee\/en\/wp-json\/wp\/v2\/media\/73746"}],"wp:attachment":[{"href":"https:\/\/mobecor.ee\/en\/wp-json\/wp\/v2\/media?parent=104932"}],"wp:term":[{"taxonomy":"series","embeddable":true,"href":"https:\/\/mobecor.ee\/en\/wp-json\/wp\/v2\/series?post=104932"},{"taxonomy":"product_brand","embeddable":true,"href":"https:\/\/mobecor.ee\/en\/wp-json\/wp\/v2\/product_brand?post=104932"},{"taxonomy":"product_cat","embeddable":true,"href":"https:\/\/mobecor.ee\/en\/wp-json\/wp\/v2\/product_cat?post=104932"},{"taxonomy":"product_tag","embeddable":true,"href":"https:\/\/mobecor.ee\/en\/wp-json\/wp\/v2\/product_tag?post=104932"}],"curies":[{"name":"wp","href":"https:\/\/api.w.org\/{rel}","templated":true}]}}