{"id":104938,"date":"2026-01-26T16:45:02","date_gmt":"2026-01-26T14:45:02","guid":{"rendered":"https:\/\/mobecor.ee\/?post_type=product&#038;p=104938"},"modified":"2026-03-30T15:49:26","modified_gmt":"2026-03-30T12:49:26","slug":"kummut-diana-da-8-valge-laos","status":"publish","type":"product","link":"https:\/\/mobecor.ee\/en\/toode\/kummut-diana-da-8-valge-laos\/","title":{"rendered":"Kummut Diana DA-8, valge m\u00e4nd (140\/47\/89)\/Laos kohe olemas"},"content":{"rendered":"<p>Kummutil on 3 sahtlit ja 2 ust.<br \/>\nMaterjal: kvaliteetne ja vastupidav laminaat. Jalad: p\u00f6\u00f6gipuit. K\u00e4epidemed: metallist.<br \/>\nV\u00e4rv: valge m\u00e4nd.<br \/>\nToode tarnitakse detailidena.<br \/>\nToodetud: Poolas.<\/p>\n","protected":false},"excerpt":{"rendered":"<p>Laius: 140 cm<br \/>\nS\u00fcgavus: 47 cm.<br \/>\nK\u00f5rgus: 89 cm.<br \/>\n<strong>Tarneaeg: kohe olemas V\u00f5ru laos (pakendis) ja Tartu poes (kokku monteerituna).<\/strong><br \/>\nK\u00f5ik tooted ja v\u00e4rvid sarjast Diana leiab\u00a0<a href=\"https:\/\/mobecor.ee\/sarjad\/diana\/\" target=\"_blank\" rel=\"noopener\">SIIT<\/a>.<\/p>\n","protected":false},"featured_media":73831,"template":"","meta":{"_acf_changed":false,"inline_featured_image":false},"series":[3006],"product_brand":[2943],"product_cat":[36,2928,4020],"product_tag":[],"class_list":{"0":"post-104938","1":"product","2":"type-product","3":"status-publish","4":"has-post-thumbnail","6":"series-diana","7":"product_brand-mlotmeble","8":"product_cat-kummutid","9":"product_cat-kummutid-ja-kapid-laos","10":"product_cat-kohe-olemas-tartu-poes","12":"first","13":"instock","14":"sale","15":"taxable","16":"shipping-taxable","17":"purchasable","18":"product-type-simple"},"acf":[],"_links":{"self":[{"href":"https:\/\/mobecor.ee\/en\/wp-json\/wp\/v2\/product\/104938","targetHints":{"allow":["GET"]}}],"collection":[{"href":"https:\/\/mobecor.ee\/en\/wp-json\/wp\/v2\/product"}],"about":[{"href":"https:\/\/mobecor.ee\/en\/wp-json\/wp\/v2\/types\/product"}],"wp:featuredmedia":[{"embeddable":true,"href":"https:\/\/mobecor.ee\/en\/wp-json\/wp\/v2\/media\/73831"}],"wp:attachment":[{"href":"https:\/\/mobecor.ee\/en\/wp-json\/wp\/v2\/media?parent=104938"}],"wp:term":[{"taxonomy":"series","embeddable":true,"href":"https:\/\/mobecor.ee\/en\/wp-json\/wp\/v2\/series?post=104938"},{"taxonomy":"product_brand","embeddable":true,"href":"https:\/\/mobecor.ee\/en\/wp-json\/wp\/v2\/product_brand?post=104938"},{"taxonomy":"product_cat","embeddable":true,"href":"https:\/\/mobecor.ee\/en\/wp-json\/wp\/v2\/product_cat?post=104938"},{"taxonomy":"product_tag","embeddable":true,"href":"https:\/\/mobecor.ee\/en\/wp-json\/wp\/v2\/product_tag?post=104938"}],"curies":[{"name":"wp","href":"https:\/\/api.w.org\/{rel}","templated":true}]}}