{"id":104944,"date":"2026-01-27T07:13:04","date_gmt":"2026-01-27T05:13:04","guid":{"rendered":"https:\/\/mobecor.ee\/?post_type=product&#038;p=104944"},"modified":"2026-01-27T07:16:02","modified_gmt":"2026-01-27T05:16:02","slug":"pikendatav-soogilaud-diana-da-23-valge-laos","status":"publish","type":"product","link":"https:\/\/mobecor.ee\/en\/toode\/pikendatav-soogilaud-diana-da-23-valge-laos\/","title":{"rendered":"Pikendatav s\u00f6\u00f6gilaud Diana DA-23, valge m\u00e4nd (90*160\/210)\/Laos kohe olemas"},"content":{"rendered":"<p>Materjal: kvaliteetne ja vastupidav laminaat. Jalad: p\u00f6\u00f6gipuit.<br \/>\nV\u00e4rv: valge m\u00e4nd.<br \/>\nToode tarnitakse detailidena.<\/p>\n","protected":false},"excerpt":{"rendered":"<p>Laius: 160\/210 cm<br \/>\nK\u00f5rgus: 75 cm.<br \/>\nS\u00fcgavus: 90 cm.<br \/>\nToodetud: Poolas.<br \/>\n<strong>Tarneaeg: laos kohe olemas.<\/strong><br \/>\nK\u00f5ik tooted ja v\u00e4rvid sarjast Diana leiab <a href=\"https:\/\/mobecor.ee\/sarjad\/diana\/\" target=\"_blank\" rel=\"noopener\">SIIT<\/a>.<\/p>\n","protected":false},"featured_media":5348,"template":"","meta":{"_acf_changed":false,"inline_featured_image":false},"series":[3006],"product_brand":[2943],"product_cat":[219,2924],"product_tag":[],"class_list":{"0":"post-104944","1":"product","2":"type-product","3":"status-publish","4":"has-post-thumbnail","6":"series-diana","7":"product_brand-mlotmeble","8":"product_cat-soogilauad","9":"product_cat-soogilauad-ja-toolid-laos","11":"first","12":"instock","13":"sale","14":"taxable","15":"shipping-taxable","16":"purchasable","17":"product-type-simple"},"acf":[],"_links":{"self":[{"href":"https:\/\/mobecor.ee\/en\/wp-json\/wp\/v2\/product\/104944","targetHints":{"allow":["GET"]}}],"collection":[{"href":"https:\/\/mobecor.ee\/en\/wp-json\/wp\/v2\/product"}],"about":[{"href":"https:\/\/mobecor.ee\/en\/wp-json\/wp\/v2\/types\/product"}],"wp:featuredmedia":[{"embeddable":true,"href":"https:\/\/mobecor.ee\/en\/wp-json\/wp\/v2\/media\/5348"}],"wp:attachment":[{"href":"https:\/\/mobecor.ee\/en\/wp-json\/wp\/v2\/media?parent=104944"}],"wp:term":[{"taxonomy":"series","embeddable":true,"href":"https:\/\/mobecor.ee\/en\/wp-json\/wp\/v2\/series?post=104944"},{"taxonomy":"product_brand","embeddable":true,"href":"https:\/\/mobecor.ee\/en\/wp-json\/wp\/v2\/product_brand?post=104944"},{"taxonomy":"product_cat","embeddable":true,"href":"https:\/\/mobecor.ee\/en\/wp-json\/wp\/v2\/product_cat?post=104944"},{"taxonomy":"product_tag","embeddable":true,"href":"https:\/\/mobecor.ee\/en\/wp-json\/wp\/v2\/product_tag?post=104944"}],"curies":[{"name":"wp","href":"https:\/\/api.w.org\/{rel}","templated":true}]}}