{"id":104946,"date":"2026-01-27T07:17:28","date_gmt":"2026-01-27T05:17:28","guid":{"rendered":"https:\/\/mobecor.ee\/?post_type=product&#038;p=104946"},"modified":"2026-01-27T07:19:21","modified_gmt":"2026-01-27T05:19:21","slug":"kummut-diana-da-12-valge-laos","status":"publish","type":"product","link":"https:\/\/mobecor.ee\/en\/toode\/kummut-diana-da-12-valge-laos\/","title":{"rendered":"Kummut Diana DA-12, valge m\u00e4nd (75\/47\/125)\/Laos kohe olemas"},"content":{"rendered":"<p>Kummutil on:\u00a02 kitsamat sahtlit ja 3 laiemat sahtlit.<br \/>\nMaterjal: kvaliteetne ja vastupidav laminaat. Jalad: p\u00f6\u00f6gipuit. K\u00e4epidemed: metallist.<br \/>\nV\u00e4rv: valge m\u00e4nd.<br \/>\nToode tarnitakse detailidena.<br \/>\nToodetud: Poolas.<\/p>\n","protected":false},"excerpt":{"rendered":"<p>Laius: 75 cm<br \/>\nS\u00fcgavus: 47 cm.<br \/>\nK\u00f5rgus: 125 cm.<br \/>\n<strong>Tarneaeg: laos kohe olemas.<\/strong><br \/>\nK\u00f5ik tooted ja v\u00e4rvid sarjast Diana leiab <a href=\"https:\/\/mobecor.ee\/sarjad\/diana\/\" target=\"_blank\" rel=\"noopener\">SIIT<\/a>.<\/p>\n","protected":false},"featured_media":73813,"template":"","meta":{"_acf_changed":false,"inline_featured_image":false},"series":[3006],"product_brand":[2943],"product_cat":[2928,36],"product_tag":[],"class_list":{"0":"post-104946","1":"product","2":"type-product","3":"status-publish","4":"has-post-thumbnail","6":"series-diana","7":"product_brand-mlotmeble","8":"product_cat-kummutid-ja-kapid-laos","9":"product_cat-kummutid","11":"first","12":"instock","13":"sale","14":"taxable","15":"shipping-taxable","16":"purchasable","17":"product-type-simple"},"acf":[],"_links":{"self":[{"href":"https:\/\/mobecor.ee\/en\/wp-json\/wp\/v2\/product\/104946","targetHints":{"allow":["GET"]}}],"collection":[{"href":"https:\/\/mobecor.ee\/en\/wp-json\/wp\/v2\/product"}],"about":[{"href":"https:\/\/mobecor.ee\/en\/wp-json\/wp\/v2\/types\/product"}],"wp:featuredmedia":[{"embeddable":true,"href":"https:\/\/mobecor.ee\/en\/wp-json\/wp\/v2\/media\/73813"}],"wp:attachment":[{"href":"https:\/\/mobecor.ee\/en\/wp-json\/wp\/v2\/media?parent=104946"}],"wp:term":[{"taxonomy":"series","embeddable":true,"href":"https:\/\/mobecor.ee\/en\/wp-json\/wp\/v2\/series?post=104946"},{"taxonomy":"product_brand","embeddable":true,"href":"https:\/\/mobecor.ee\/en\/wp-json\/wp\/v2\/product_brand?post=104946"},{"taxonomy":"product_cat","embeddable":true,"href":"https:\/\/mobecor.ee\/en\/wp-json\/wp\/v2\/product_cat?post=104946"},{"taxonomy":"product_tag","embeddable":true,"href":"https:\/\/mobecor.ee\/en\/wp-json\/wp\/v2\/product_tag?post=104946"}],"curies":[{"name":"wp","href":"https:\/\/api.w.org\/{rel}","templated":true}]}}