{"id":105072,"date":"2026-01-27T13:10:24","date_gmt":"2026-01-27T11:10:24","guid":{"rendered":"https:\/\/mobecor.ee\/?post_type=product&#038;p=105072"},"modified":"2026-01-27T13:14:33","modified_gmt":"2026-01-27T11:14:33","slug":"kirjutuslaud-beat-p-tobacco-kuldne-laos","status":"publish","type":"product","link":"https:\/\/mobecor.ee\/en\/toode\/kirjutuslaud-beat-p-tobacco-kuldne-laos\/","title":{"rendered":"Kirjutuslaud Beat P, tamm tobacco\/tamm kuldne\/Laos kohe olemas"},"content":{"rendered":"<p>Kirjutuslaual on 1 sahtel ja 1 uks.<br \/>\nKirjutuslauda on v\u00f5imalik paigutada L kujuliselt v\u00f5i sirgena.<br \/>\nMaterjal: kvaliteetne ja vastupidav\u00a0lamineeritud m\u00f6\u00f6bliplaat.<br \/>\nToodetud: Poolas<br \/>\nToode tarnitakse detailidena.<\/p>\n","protected":false},"excerpt":{"rendered":"<p><strong>Laos kohe olemas v\u00e4rviga:<\/strong><strong>\u00a0<\/strong><strong>tamm tobacco\/tamm kuldne &#8211; parempoolne.<br \/>\nNB! Kirjutuslaua pilt on illustratiivne &#8211; \u00f5iged v\u00e4rvid on pildi all. Korpus ja lauaplaat on v\u00e4rviga: tamm tobacco, uksed on v\u00e4rviga: tamm kuldne.<\/strong><br \/>\nLaius:\u00a0137 cm (L kujuliselt); 206 cm (sirgelt).<br \/>\nS\u00fcgavus:\u00a0136 cm (L kujuliselt); 68 cm (sirgelt).<br \/>\nK\u00f5rgus:\u00a075 cm.<br \/>\n<strong>Tarneaeg: laos kohe olemas.<\/strong><\/p>\n","protected":false},"featured_media":105073,"template":"","meta":{"_acf_changed":false,"inline_featured_image":false},"series":[],"product_brand":[2927],"product_cat":[97,2926],"product_tag":[],"class_list":{"0":"post-105072","1":"product","2":"type-product","3":"status-publish","4":"has-post-thumbnail","6":"product_brand-meblocross","7":"product_cat-kirjutuslauad","8":"product_cat-kirjutuslauad-ja-sahtliboksid-laos","10":"first","11":"instock","12":"sale","13":"taxable","14":"shipping-taxable","15":"purchasable","16":"product-type-simple"},"acf":[],"_links":{"self":[{"href":"https:\/\/mobecor.ee\/en\/wp-json\/wp\/v2\/product\/105072","targetHints":{"allow":["GET"]}}],"collection":[{"href":"https:\/\/mobecor.ee\/en\/wp-json\/wp\/v2\/product"}],"about":[{"href":"https:\/\/mobecor.ee\/en\/wp-json\/wp\/v2\/types\/product"}],"wp:featuredmedia":[{"embeddable":true,"href":"https:\/\/mobecor.ee\/en\/wp-json\/wp\/v2\/media\/105073"}],"wp:attachment":[{"href":"https:\/\/mobecor.ee\/en\/wp-json\/wp\/v2\/media?parent=105072"}],"wp:term":[{"taxonomy":"series","embeddable":true,"href":"https:\/\/mobecor.ee\/en\/wp-json\/wp\/v2\/series?post=105072"},{"taxonomy":"product_brand","embeddable":true,"href":"https:\/\/mobecor.ee\/en\/wp-json\/wp\/v2\/product_brand?post=105072"},{"taxonomy":"product_cat","embeddable":true,"href":"https:\/\/mobecor.ee\/en\/wp-json\/wp\/v2\/product_cat?post=105072"},{"taxonomy":"product_tag","embeddable":true,"href":"https:\/\/mobecor.ee\/en\/wp-json\/wp\/v2\/product_tag?post=105072"}],"curies":[{"name":"wp","href":"https:\/\/api.w.org\/{rel}","templated":true}]}}