{"id":105132,"date":"2026-01-27T15:26:21","date_gmt":"2026-01-27T13:26:21","guid":{"rendered":"https:\/\/mobecor.ee\/?post_type=product&#038;p=105132"},"modified":"2026-01-27T15:39:41","modified_gmt":"2026-01-27T13:39:41","slug":"riiul-domino-b","status":"publish","type":"product","link":"https:\/\/mobecor.ee\/en\/toode\/riiul-domino-b\/","title":{"rendered":"Riiul Domino B"},"content":{"rendered":"","protected":false},"excerpt":{"rendered":"<p>Riiulit on v\u00f5imalik paigutada seinale v\u00f5i p\u00f5randale, horisontaalselt v\u00f5i vertikaalselt.<br \/>\nV\u00e4rvivalik: valge; must; tamm Sonoma hele.<br \/>\nToodetud: Poolas.<br \/>\nToode tarnitakse detailidena.<br \/>\nLaius: vertikaalselt 60\/horisontaalselt 120 cm.<br \/>\nS\u00fcgavus: 20 cm.<br \/>\nK\u00f5rgus: vertikaalselt 120\/horisontaalselt 60 cm.<br \/>\nJalad: 2 cm.<br \/>\nTarneaeg: 4-8 n\u00e4dalat.<strong><br \/>\nNB! Laos kohe olemas v\u00e4rviga: tamm Sonoma hele.<\/strong><\/p>\n","protected":false},"featured_media":105133,"template":"","meta":{"_acf_changed":false,"inline_featured_image":false},"series":[],"product_brand":[2927],"product_cat":[68,2932,98],"product_tag":[],"class_list":{"0":"post-105132","1":"product","2":"type-product","3":"status-publish","4":"has-post-thumbnail","6":"product_brand-meblocross","7":"product_cat-riiulid-ja-kapid","8":"product_cat-riiulid-laos","9":"product_cat-esiku-riiulid-ja-kapid","11":"first","12":"instock","13":"taxable","14":"shipping-taxable","15":"purchasable","16":"product-type-simple"},"acf":[],"_links":{"self":[{"href":"https:\/\/mobecor.ee\/en\/wp-json\/wp\/v2\/product\/105132","targetHints":{"allow":["GET"]}}],"collection":[{"href":"https:\/\/mobecor.ee\/en\/wp-json\/wp\/v2\/product"}],"about":[{"href":"https:\/\/mobecor.ee\/en\/wp-json\/wp\/v2\/types\/product"}],"wp:featuredmedia":[{"embeddable":true,"href":"https:\/\/mobecor.ee\/en\/wp-json\/wp\/v2\/media\/105133"}],"wp:attachment":[{"href":"https:\/\/mobecor.ee\/en\/wp-json\/wp\/v2\/media?parent=105132"}],"wp:term":[{"taxonomy":"series","embeddable":true,"href":"https:\/\/mobecor.ee\/en\/wp-json\/wp\/v2\/series?post=105132"},{"taxonomy":"product_brand","embeddable":true,"href":"https:\/\/mobecor.ee\/en\/wp-json\/wp\/v2\/product_brand?post=105132"},{"taxonomy":"product_cat","embeddable":true,"href":"https:\/\/mobecor.ee\/en\/wp-json\/wp\/v2\/product_cat?post=105132"},{"taxonomy":"product_tag","embeddable":true,"href":"https:\/\/mobecor.ee\/en\/wp-json\/wp\/v2\/product_tag?post=105132"}],"curies":[{"name":"wp","href":"https:\/\/api.w.org\/{rel}","templated":true}]}}