{"id":105209,"date":"2026-01-28T08:27:40","date_gmt":"2026-01-28T06:27:40","guid":{"rendered":"https:\/\/mobecor.ee\/?post_type=product&#038;p=105209"},"modified":"2026-03-26T10:39:10","modified_gmt":"2026-03-26T08:39:10","slug":"jalatsiriiul-bravo-laos","status":"publish","type":"product","link":"https:\/\/mobecor.ee\/en\/toode\/jalatsiriiul-bravo-laos\/","title":{"rendered":"Jalatsiriiul Bravo (94\/26,3\/45)\/Laos kohe olemas"},"content":{"rendered":"<p>Jalatsiriiulil on 4 riiulivahet ja pehme istumispadi, mis on kaetud eco nahaga.<br \/>\nMaterjal: kvaliteetne ja vastupidav melamiinkattega laminaat.<br \/>\nToode tarnitakse detailidena.<br \/>\nToodetud: Poolas.<\/p>\n","protected":false},"excerpt":{"rendered":"<p>Laius: 94 cm.<br \/>\nS\u00fcgavus: 26,3 cm.<br \/>\nK\u00f5rgus: 45 cm.<br \/>\n<strong>NB! Laos kohe olemas v\u00e4rvid:<\/strong><br \/>\n<strong>* tamm tobacco\/eco bee\u017e (viimane);<br \/>\n* tamm Sonoma hele\/eco bee\u017e;<br \/>\n* tamm Grange\/eco must;<br \/>\n* tamm kuldne\/eco bee\u017e;<br \/>\n* tamm Artisan\/eco must.<br \/>\n<\/strong>K\u00f5iki tellitavaid v\u00e4rve n\u00e4eb <a href=\"https:\/\/mobecor.ee\/toode\/jalatsiriiul-bravo\/\" target=\"_blank\" rel=\"noopener\">SIIT<\/a>.<\/p>\n","protected":false},"featured_media":105186,"template":"","meta":{"_acf_changed":false,"inline_featured_image":false},"series":[],"product_brand":[2927],"product_cat":[293,2930],"product_tag":[],"class_list":{"0":"post-105209","1":"product","2":"type-product","3":"status-publish","4":"has-post-thumbnail","6":"product_brand-meblocross","7":"product_cat-jalanoudekapid","8":"product_cat-esikumoobel-laos","10":"first","11":"instock","12":"sale","13":"taxable","14":"shipping-taxable","15":"purchasable","16":"product-type-variable"},"acf":[],"_links":{"self":[{"href":"https:\/\/mobecor.ee\/en\/wp-json\/wp\/v2\/product\/105209","targetHints":{"allow":["GET"]}}],"collection":[{"href":"https:\/\/mobecor.ee\/en\/wp-json\/wp\/v2\/product"}],"about":[{"href":"https:\/\/mobecor.ee\/en\/wp-json\/wp\/v2\/types\/product"}],"wp:featuredmedia":[{"embeddable":true,"href":"https:\/\/mobecor.ee\/en\/wp-json\/wp\/v2\/media\/105186"}],"wp:attachment":[{"href":"https:\/\/mobecor.ee\/en\/wp-json\/wp\/v2\/media?parent=105209"}],"wp:term":[{"taxonomy":"series","embeddable":true,"href":"https:\/\/mobecor.ee\/en\/wp-json\/wp\/v2\/series?post=105209"},{"taxonomy":"product_brand","embeddable":true,"href":"https:\/\/mobecor.ee\/en\/wp-json\/wp\/v2\/product_brand?post=105209"},{"taxonomy":"product_cat","embeddable":true,"href":"https:\/\/mobecor.ee\/en\/wp-json\/wp\/v2\/product_cat?post=105209"},{"taxonomy":"product_tag","embeddable":true,"href":"https:\/\/mobecor.ee\/en\/wp-json\/wp\/v2\/product_tag?post=105209"}],"curies":[{"name":"wp","href":"https:\/\/api.w.org\/{rel}","templated":true}]}}