{"id":105299,"date":"2026-01-28T09:58:05","date_gmt":"2026-01-28T07:58:05","guid":{"rendered":"https:\/\/mobecor.ee\/?post_type=product&#038;p=105299"},"modified":"2026-03-26T15:21:18","modified_gmt":"2026-03-26T13:21:18","slug":"klapplaud-expert-10-sonoma-tume-laos","status":"publish","type":"product","link":"https:\/\/mobecor.ee\/en\/toode\/klapplaud-expert-10-sonoma-tume-laos\/","title":{"rendered":"Klapplaud Expert 10, sonoma tume (40\/100\/160)\/Laos kohe olemas"},"content":{"rendered":"<p>Expert 10 on kahe tiivaga pikendatav k\u00f6\u00f6gilaud, mis on lisaks varustatud 2- sahtli ja 2-kapiga.<br \/>\nLauda saab pikendada kahes osas. Pool avatuna mahub laua taha 3 inimest, tervenisti avatuna mahub 6 inimest.<br \/>\nMaterjal: kvaliteetne ja vastupidav melamiinkattega laminaat.<br \/>\nV\u00e4rv: Tamm Sonoma tume.<br \/>\nToode tarnitakse detailidena.<br \/>\nToodetud: Poolas.<\/p>\n","protected":false},"excerpt":{"rendered":"<p>K\u00f5rgus: 75 cm.<br \/>\nLaius: 40\/100\/160 cm.<br \/>\nS\u00fcgavus: 80 cm.<br \/>\n<strong>Tarneaeg: laos kohe olemas.<\/strong><br \/>\nK\u00f5iki tellitavaid v\u00e4rve n\u00e4eb <a href=\"https:\/\/mobecor.ee\/toode\/klapplaud-expert-x\/\" target=\"_blank\" rel=\"noopener\">SIIT<\/a>.<\/p>\n","protected":false},"featured_media":16380,"template":"","meta":{"_acf_changed":false,"inline_featured_image":false},"series":[],"product_brand":[2927],"product_cat":[219,2924],"product_tag":[],"class_list":{"0":"post-105299","1":"product","2":"type-product","3":"status-publish","4":"has-post-thumbnail","6":"product_brand-meblocross","7":"product_cat-soogilauad","8":"product_cat-soogilauad-ja-toolid-laos","10":"first","11":"instock","12":"sale","13":"taxable","14":"shipping-taxable","15":"purchasable","16":"product-type-simple"},"acf":[],"_links":{"self":[{"href":"https:\/\/mobecor.ee\/en\/wp-json\/wp\/v2\/product\/105299","targetHints":{"allow":["GET"]}}],"collection":[{"href":"https:\/\/mobecor.ee\/en\/wp-json\/wp\/v2\/product"}],"about":[{"href":"https:\/\/mobecor.ee\/en\/wp-json\/wp\/v2\/types\/product"}],"wp:featuredmedia":[{"embeddable":true,"href":"https:\/\/mobecor.ee\/en\/wp-json\/wp\/v2\/media\/16380"}],"wp:attachment":[{"href":"https:\/\/mobecor.ee\/en\/wp-json\/wp\/v2\/media?parent=105299"}],"wp:term":[{"taxonomy":"series","embeddable":true,"href":"https:\/\/mobecor.ee\/en\/wp-json\/wp\/v2\/series?post=105299"},{"taxonomy":"product_brand","embeddable":true,"href":"https:\/\/mobecor.ee\/en\/wp-json\/wp\/v2\/product_brand?post=105299"},{"taxonomy":"product_cat","embeddable":true,"href":"https:\/\/mobecor.ee\/en\/wp-json\/wp\/v2\/product_cat?post=105299"},{"taxonomy":"product_tag","embeddable":true,"href":"https:\/\/mobecor.ee\/en\/wp-json\/wp\/v2\/product_tag?post=105299"}],"curies":[{"name":"wp","href":"https:\/\/api.w.org\/{rel}","templated":true}]}}