{"id":105315,"date":"2026-01-28T10:40:52","date_gmt":"2026-01-28T08:40:52","guid":{"rendered":"https:\/\/mobecor.ee\/?post_type=product&#038;p=105315"},"modified":"2026-01-28T10:44:30","modified_gmt":"2026-01-28T08:44:30","slug":"klapplaud-expert-7-tamm-cremona-laos","status":"publish","type":"product","link":"https:\/\/mobecor.ee\/en\/toode\/klapplaud-expert-7-tamm-cremona-laos\/","title":{"rendered":"Klapplaud Expert 7, tamm Cremona (70\/18-70\/75)\/Laos kohe olemas"},"content":{"rendered":"<p>Seinale kinnitatav klapplaud.<br \/>\nMaterjal: lamineeritud m\u00f6\u00f6bliplaat.<br \/>\nV\u00e4rv: tamm Cremona.<br \/>\nToode tarnitakse detailidena.<br \/>\nToodetud: Poolas.<\/p>\n","protected":false},"excerpt":{"rendered":"<p>Laius: 70 cm.<br \/>\nS\u00fcgavus: 18\/70 cm.<br \/>\nK\u00f5rgus: 75 cm.<br \/>\n<strong>Tarneaeg: laos kohe olemas.<\/strong><br \/>\nK\u00f5iki tellitavaid v\u00e4rve n\u00e4eb <a href=\"https:\/\/mobecor.ee\/toode\/klapplaud-expert7\/\" target=\"_blank\" rel=\"noopener\">SIIT<\/a>.<\/p>\n","protected":false},"featured_media":82157,"template":"","meta":{"_acf_changed":false,"inline_featured_image":false},"series":[],"product_brand":[2927],"product_cat":[219,2924],"product_tag":[],"class_list":{"0":"post-105315","1":"product","2":"type-product","3":"status-publish","4":"has-post-thumbnail","6":"product_brand-meblocross","7":"product_cat-soogilauad","8":"product_cat-soogilauad-ja-toolid-laos","10":"first","11":"instock","12":"sale","13":"taxable","14":"shipping-taxable","15":"purchasable","16":"product-type-simple"},"acf":[],"_links":{"self":[{"href":"https:\/\/mobecor.ee\/en\/wp-json\/wp\/v2\/product\/105315","targetHints":{"allow":["GET"]}}],"collection":[{"href":"https:\/\/mobecor.ee\/en\/wp-json\/wp\/v2\/product"}],"about":[{"href":"https:\/\/mobecor.ee\/en\/wp-json\/wp\/v2\/types\/product"}],"wp:featuredmedia":[{"embeddable":true,"href":"https:\/\/mobecor.ee\/en\/wp-json\/wp\/v2\/media\/82157"}],"wp:attachment":[{"href":"https:\/\/mobecor.ee\/en\/wp-json\/wp\/v2\/media?parent=105315"}],"wp:term":[{"taxonomy":"series","embeddable":true,"href":"https:\/\/mobecor.ee\/en\/wp-json\/wp\/v2\/series?post=105315"},{"taxonomy":"product_brand","embeddable":true,"href":"https:\/\/mobecor.ee\/en\/wp-json\/wp\/v2\/product_brand?post=105315"},{"taxonomy":"product_cat","embeddable":true,"href":"https:\/\/mobecor.ee\/en\/wp-json\/wp\/v2\/product_cat?post=105315"},{"taxonomy":"product_tag","embeddable":true,"href":"https:\/\/mobecor.ee\/en\/wp-json\/wp\/v2\/product_tag?post=105315"}],"curies":[{"name":"wp","href":"https:\/\/api.w.org\/{rel}","templated":true}]}}