{"id":105435,"date":"2026-01-28T15:06:26","date_gmt":"2026-01-28T13:06:26","guid":{"rendered":"https:\/\/mobecor.ee\/?post_type=product&#038;p=105435"},"modified":"2026-01-29T16:52:13","modified_gmt":"2026-01-29T14:52:13","slug":"nurgadiivanvoodi-marco-tartu-poes","status":"publish","type":"product","link":"https:\/\/mobecor.ee\/en\/toode\/nurgadiivanvoodi-marco-tartu-poes\/","title":{"rendered":"Nurgadiivanvoodi Marco (235\/172\/92)\/Tartu poes"},"content":{"rendered":"<p>Nurgadiivanvoodil on sik-sak vedrustus ja pesukast.<br \/>\nPolsterdus: elastne poroloon.<br \/>\nMagamisosa avaneb lihtsalt ja sobib igap\u00e4evaseks\u00a0kasutamiseks.<br \/>\nJalad: metallist, musta v\u00e4rvi.<br \/>\nToodetud: Poolas.<\/p>\n<p>&nbsp;<\/p>\n","protected":false},"excerpt":{"rendered":"<p>Laius: 235 cm.<br \/>\nS\u00fcgavus: 172 cm.<br \/>\nK\u00f5rgus: 78-92 cm.<br \/>\nIstme k\u00f5rgus: 44 cm.<br \/>\nIstme s\u00fcgavus: 57-82 cm.<br \/>\nSeljatoek\u00f5rgus: 45 cm.<br \/>\nMagamisosa : 130-202 cm.<br \/>\n<strong>Tarneaeg: kohe olemas (kangaga Bellini 17\/I gr, nurk paremal) Mobecori Tartu poes, Teguri tn.39.<\/strong><br \/>\nNB! Kangaste v\u00e4rv v\u00f5ib veidi erineda pildil ja tegelikkuses (heledam v\u00f5i tumedam).<br \/>\nK\u00f5iki tellitavaid kangaid on v\u00f5imalik n\u00e4ha Mobecori m\u00f6\u00f6blipoodides V\u00f5rus ja Tartus.<\/p>\n","protected":false},"featured_media":105610,"template":"","meta":{"_acf_changed":false,"inline_featured_image":false},"series":[],"product_brand":[2940],"product_cat":[213,4020],"product_tag":[],"class_list":{"0":"post-105435","1":"product","2":"type-product","3":"status-publish","4":"has-post-thumbnail","6":"product_brand-meblar","7":"product_cat-nurgadiivanid","8":"product_cat-kohe-olemas-tartu-poes","10":"first","11":"instock","12":"sale","13":"taxable","14":"shipping-taxable","15":"purchasable","16":"product-type-simple"},"acf":[],"_links":{"self":[{"href":"https:\/\/mobecor.ee\/en\/wp-json\/wp\/v2\/product\/105435","targetHints":{"allow":["GET"]}}],"collection":[{"href":"https:\/\/mobecor.ee\/en\/wp-json\/wp\/v2\/product"}],"about":[{"href":"https:\/\/mobecor.ee\/en\/wp-json\/wp\/v2\/types\/product"}],"wp:featuredmedia":[{"embeddable":true,"href":"https:\/\/mobecor.ee\/en\/wp-json\/wp\/v2\/media\/105610"}],"wp:attachment":[{"href":"https:\/\/mobecor.ee\/en\/wp-json\/wp\/v2\/media?parent=105435"}],"wp:term":[{"taxonomy":"series","embeddable":true,"href":"https:\/\/mobecor.ee\/en\/wp-json\/wp\/v2\/series?post=105435"},{"taxonomy":"product_brand","embeddable":true,"href":"https:\/\/mobecor.ee\/en\/wp-json\/wp\/v2\/product_brand?post=105435"},{"taxonomy":"product_cat","embeddable":true,"href":"https:\/\/mobecor.ee\/en\/wp-json\/wp\/v2\/product_cat?post=105435"},{"taxonomy":"product_tag","embeddable":true,"href":"https:\/\/mobecor.ee\/en\/wp-json\/wp\/v2\/product_tag?post=105435"}],"curies":[{"name":"wp","href":"https:\/\/api.w.org\/{rel}","templated":true}]}}