{"id":105442,"date":"2026-01-28T15:32:25","date_gmt":"2026-01-28T13:32:25","guid":{"rendered":"https:\/\/mobecor.ee\/?post_type=product&#038;p=105442"},"modified":"2026-04-08T14:43:20","modified_gmt":"2026-04-08T11:43:20","slug":"diivanvoodi-marco-tartu-poes","status":"publish","type":"product","link":"https:\/\/mobecor.ee\/en\/toode\/diivanvoodi-marco-tartu-poes\/","title":{"rendered":"Diivanvoodi Marco (232\/100\/92)\/Laos kohe olemas"},"content":{"rendered":"<p>Diivanvoodil on sik-sak vedrustus ja pesukast.<br \/>\nPolsterdus: elastne poroloon.<br \/>\nMagamisosa avaneb lihtsalt ja sobib igap\u00e4evaseks\u00a0kasutamiseks.<br \/>\nJalad: metallist, musta v\u00e4rvi.<br \/>\nToodetud: Poolas.<\/p>\n","protected":false},"excerpt":{"rendered":"<p>Laius: 232 cm.<br \/>\nS\u00fcgavus: 100 cm.<br \/>\nK\u00f5rgus: 78-92 cm.<br \/>\nIstme k\u00f5rgus: 44 cm.<br \/>\nIstme s\u00fcgavus: 57-82 cm.<br \/>\nSeljatoek\u00f5rgus: 45 cm.<br \/>\nMagamisosa : 147 x 200 cm.<br \/>\n<strong>Tarneaeg: kohe olemas (Bellini 02\/I gr.)\u00a0<\/strong><br \/>\nNB! Kangaste v\u00e4rv v\u00f5ib veidi erineda pildil ja tegelikkuses (heledam v\u00f5i tumedam).<\/p>\n","protected":false},"featured_media":105607,"template":"","meta":{"_acf_changed":false,"inline_featured_image":false},"series":[],"product_brand":[2940],"product_cat":[195,2935],"product_tag":[],"class_list":{"0":"post-105442","1":"product","2":"type-product","3":"status-publish","4":"has-post-thumbnail","6":"product_brand-meblar","7":"product_cat-diivanvoodid","8":"product_cat-pehmemoobel-laos","10":"first","11":"instock","12":"sale","13":"taxable","14":"shipping-taxable","15":"purchasable","16":"product-type-simple"},"acf":[],"_links":{"self":[{"href":"https:\/\/mobecor.ee\/en\/wp-json\/wp\/v2\/product\/105442","targetHints":{"allow":["GET"]}}],"collection":[{"href":"https:\/\/mobecor.ee\/en\/wp-json\/wp\/v2\/product"}],"about":[{"href":"https:\/\/mobecor.ee\/en\/wp-json\/wp\/v2\/types\/product"}],"wp:featuredmedia":[{"embeddable":true,"href":"https:\/\/mobecor.ee\/en\/wp-json\/wp\/v2\/media\/105607"}],"wp:attachment":[{"href":"https:\/\/mobecor.ee\/en\/wp-json\/wp\/v2\/media?parent=105442"}],"wp:term":[{"taxonomy":"series","embeddable":true,"href":"https:\/\/mobecor.ee\/en\/wp-json\/wp\/v2\/series?post=105442"},{"taxonomy":"product_brand","embeddable":true,"href":"https:\/\/mobecor.ee\/en\/wp-json\/wp\/v2\/product_brand?post=105442"},{"taxonomy":"product_cat","embeddable":true,"href":"https:\/\/mobecor.ee\/en\/wp-json\/wp\/v2\/product_cat?post=105442"},{"taxonomy":"product_tag","embeddable":true,"href":"https:\/\/mobecor.ee\/en\/wp-json\/wp\/v2\/product_tag?post=105442"}],"curies":[{"name":"wp","href":"https:\/\/api.w.org\/{rel}","templated":true}]}}