{"id":105628,"date":"2026-01-30T07:40:37","date_gmt":"2026-01-30T05:40:37","guid":{"rendered":"https:\/\/mobecor.ee\/?post_type=product&#038;p=105628"},"modified":"2026-04-15T10:30:39","modified_gmt":"2026-04-15T07:30:39","slug":"voodi-milana-140-hall-senillakangas","status":"publish","type":"product","link":"https:\/\/mobecor.ee\/en\/toode\/voodi-milana-140-hall-senillakangas\/","title":{"rendered":"Voodi Milana, hall \u0161enillakangas (140*200)"},"content":{"rendered":"<p>Voodi on kaetud halli v\u00e4vi \u0161enillkangaga.<br \/>\nVoodi on t\u00f5stemehhanismi ja pesukastiga. NB! Pesukasti p\u00f5hi on kangast.<br \/>\nMetallist voodiraam liistudega, voodip\u00f5hjas metallraam.<br \/>\nV\u00e4rv: hall.<br \/>\nVoodile sobib madrats m\u00f5\u00f5tudes 140*200 cm.<br \/>\nMadrats ei kuulu komplekti.<br \/>\nMadratsite valiku leiab <a href=\"https:\/\/mobecor.ee\/tootekategooria\/magamistuba\/madratsid-ja-voodid\/\" target=\"_blank\" rel=\"noopener\">SIIT<\/a>.<\/p>\n","protected":false},"excerpt":{"rendered":"<p>Voodi laius: 142 cm.<br \/>\nVooodi s\u00fcgavus: 210 cm.<br \/>\nVoodi k\u00f5rgus koos peatsiga: 106 cm.<br \/>\nVoodi \u00e4\u00e4re k\u00f5rgus p\u00f5randast: 26 cm.<\/p>\n<p>Tarneaeg: 4 n\u00e4dalat.<\/p>\n<p><strong>NB! Kohe olemas Tartu poes.<\/strong><\/p>\n","protected":false},"featured_media":105617,"template":"","meta":{"_acf_changed":false,"inline_featured_image":false},"series":[],"product_brand":[4046],"product_cat":[4015,4020],"product_tag":[],"class_list":{"0":"post-105628","1":"product","2":"type-product","3":"status-publish","4":"has-post-thumbnail","6":"product_brand-latsofa","7":"product_cat-voodid-140-x-200","8":"product_cat-kohe-olemas-tartu-poes","10":"first","11":"instock","12":"taxable","13":"shipping-taxable","14":"purchasable","15":"product-type-simple"},"acf":[],"_links":{"self":[{"href":"https:\/\/mobecor.ee\/en\/wp-json\/wp\/v2\/product\/105628","targetHints":{"allow":["GET"]}}],"collection":[{"href":"https:\/\/mobecor.ee\/en\/wp-json\/wp\/v2\/product"}],"about":[{"href":"https:\/\/mobecor.ee\/en\/wp-json\/wp\/v2\/types\/product"}],"wp:featuredmedia":[{"embeddable":true,"href":"https:\/\/mobecor.ee\/en\/wp-json\/wp\/v2\/media\/105617"}],"wp:attachment":[{"href":"https:\/\/mobecor.ee\/en\/wp-json\/wp\/v2\/media?parent=105628"}],"wp:term":[{"taxonomy":"series","embeddable":true,"href":"https:\/\/mobecor.ee\/en\/wp-json\/wp\/v2\/series?post=105628"},{"taxonomy":"product_brand","embeddable":true,"href":"https:\/\/mobecor.ee\/en\/wp-json\/wp\/v2\/product_brand?post=105628"},{"taxonomy":"product_cat","embeddable":true,"href":"https:\/\/mobecor.ee\/en\/wp-json\/wp\/v2\/product_cat?post=105628"},{"taxonomy":"product_tag","embeddable":true,"href":"https:\/\/mobecor.ee\/en\/wp-json\/wp\/v2\/product_tag?post=105628"}],"curies":[{"name":"wp","href":"https:\/\/api.w.org\/{rel}","templated":true}]}}