{"id":105629,"date":"2026-01-30T07:48:54","date_gmt":"2026-01-30T05:48:54","guid":{"rendered":"https:\/\/mobecor.ee\/?post_type=product&#038;p=105629"},"modified":"2026-03-27T09:07:05","modified_gmt":"2026-03-27T07:07:05","slug":"voodi-milana-sinakashall-160200","status":"publish","type":"product","link":"https:\/\/mobecor.ee\/en\/toode\/voodi-milana-sinakashall-160200\/","title":{"rendered":"Voodi Milana, sinakashall (160*200)"},"content":{"rendered":"<p>Voodi on kaetud sinakashalli v\u00e4vi kangaga.<br \/>\nVoodi on t\u00f5stemehhanismi ja pesukastiga. NB! Pesukasti p\u00f5hi on kangast.<br \/>\nMetallist voodiraam liistudega, voodip\u00f5hjas metallraam.<br \/>\nV\u00e4rv: sinakashall.<br \/>\nVoodile sobib madrats m\u00f5\u00f5tudes 160*200 cm.<br \/>\nMadrats ei kuulu komplekti.<br \/>\nMadratsite valiku leiab <a href=\"https:\/\/mobecor.ee\/tootekategooria\/magamistuba\/madratsid-ja-voodid\/\" target=\"_blank\" rel=\"noopener\">SIIT<\/a>.<\/p>\n","protected":false},"excerpt":{"rendered":"<p>Voodi laius: 162 cm.<br \/>\nVooodi s\u00fcgavus: 210 cm.<br \/>\nVoodi k\u00f5rgus koos peatsiga: 106 cm.<br \/>\nVoodi \u00e4\u00e4re k\u00f5rgus p\u00f5randast: 26 cm.<br \/>\n<strong>Tarneaeg: kohe olemas V\u00f5rus ja Tartus.<\/strong><\/p>\n","protected":false},"featured_media":105630,"template":"","meta":{"_acf_changed":false,"inline_featured_image":false},"series":[],"product_brand":[4046],"product_cat":[4016,2934,4020],"product_tag":[],"class_list":{"0":"post-105629","1":"product","2":"type-product","3":"status-publish","4":"has-post-thumbnail","6":"product_brand-latsofa","7":"product_cat-voodid-160-x-200","8":"product_cat-voodid-ja-madratsid-laos","9":"product_cat-kohe-olemas-tartu-poes","11":"first","12":"instock","13":"taxable","14":"shipping-taxable","15":"purchasable","16":"product-type-simple"},"acf":[],"_links":{"self":[{"href":"https:\/\/mobecor.ee\/en\/wp-json\/wp\/v2\/product\/105629","targetHints":{"allow":["GET"]}}],"collection":[{"href":"https:\/\/mobecor.ee\/en\/wp-json\/wp\/v2\/product"}],"about":[{"href":"https:\/\/mobecor.ee\/en\/wp-json\/wp\/v2\/types\/product"}],"wp:featuredmedia":[{"embeddable":true,"href":"https:\/\/mobecor.ee\/en\/wp-json\/wp\/v2\/media\/105630"}],"wp:attachment":[{"href":"https:\/\/mobecor.ee\/en\/wp-json\/wp\/v2\/media?parent=105629"}],"wp:term":[{"taxonomy":"series","embeddable":true,"href":"https:\/\/mobecor.ee\/en\/wp-json\/wp\/v2\/series?post=105629"},{"taxonomy":"product_brand","embeddable":true,"href":"https:\/\/mobecor.ee\/en\/wp-json\/wp\/v2\/product_brand?post=105629"},{"taxonomy":"product_cat","embeddable":true,"href":"https:\/\/mobecor.ee\/en\/wp-json\/wp\/v2\/product_cat?post=105629"},{"taxonomy":"product_tag","embeddable":true,"href":"https:\/\/mobecor.ee\/en\/wp-json\/wp\/v2\/product_tag?post=105629"}],"curies":[{"name":"wp","href":"https:\/\/api.w.org\/{rel}","templated":true}]}}