{"id":105656,"date":"2026-01-30T08:43:53","date_gmt":"2026-01-30T06:43:53","guid":{"rendered":"https:\/\/mobecor.ee\/?post_type=product&#038;p=105656"},"modified":"2026-01-30T09:03:01","modified_gmt":"2026-01-30T07:03:01","slug":"voodi-glaskow-madratsiga-hall-140200","status":"publish","type":"product","link":"https:\/\/mobecor.ee\/en\/toode\/voodi-glaskow-madratsiga-hall-140200\/","title":{"rendered":"Voodi Glaskow + madrats, hall (140*200)"},"content":{"rendered":"<p>Veluurkangaga kaetud voodi t\u00f5stemehhanismi, pesukasti ja madratsiga (140 x 200).<br \/>\nLuksuslik voodi, pehme peatsi ja pehmete k\u00fclgedega.<br \/>\nKomplekti kuulub t\u00e4isortopeediline Suna (Glasgow) madrats.<br \/>\nMadratsi k\u00f5rgus 32 cm.<br \/>\nMadratsi hingav kangas aitab v\u00e4ltida halbu l\u00f5hnu, pakkudes samal ajal v\u00e4rsket magamiskeskkonda.<br \/>\nSee toetab s\u00fcgavat und libisemisvastase funktsiooniga aluskangal.<br \/>\nComfort Bonnel Spring tehnoloogia loob magamise ajal keha kallistava tunde, jaotades kehakaalu \u00fchtlaselt ja harmooniliselt.<\/p>\n","protected":false},"excerpt":{"rendered":"<p>Voodi laius: 145 cm.<br \/>\nVooodi s\u00fcgavus: 211 cm.<br \/>\nVoodi k\u00f5rgus koos peatsiga: 130 cm.<br \/>\nJalgade k\u00f5rgus: 13 cm.<br \/>\nTarneaeg: kuni 4 n\u00e4dalat.<\/p>\n","protected":false},"featured_media":105657,"template":"","meta":{"_acf_changed":false,"inline_featured_image":false},"series":[],"product_brand":[4046],"product_cat":[4015],"product_tag":[],"class_list":{"0":"post-105656","1":"product","2":"type-product","3":"status-publish","4":"has-post-thumbnail","6":"product_brand-latsofa","7":"product_cat-voodid-140-x-200","9":"first","10":"instock","11":"taxable","12":"shipping-taxable","13":"purchasable","14":"product-type-simple"},"acf":[],"_links":{"self":[{"href":"https:\/\/mobecor.ee\/en\/wp-json\/wp\/v2\/product\/105656","targetHints":{"allow":["GET"]}}],"collection":[{"href":"https:\/\/mobecor.ee\/en\/wp-json\/wp\/v2\/product"}],"about":[{"href":"https:\/\/mobecor.ee\/en\/wp-json\/wp\/v2\/types\/product"}],"wp:featuredmedia":[{"embeddable":true,"href":"https:\/\/mobecor.ee\/en\/wp-json\/wp\/v2\/media\/105657"}],"wp:attachment":[{"href":"https:\/\/mobecor.ee\/en\/wp-json\/wp\/v2\/media?parent=105656"}],"wp:term":[{"taxonomy":"series","embeddable":true,"href":"https:\/\/mobecor.ee\/en\/wp-json\/wp\/v2\/series?post=105656"},{"taxonomy":"product_brand","embeddable":true,"href":"https:\/\/mobecor.ee\/en\/wp-json\/wp\/v2\/product_brand?post=105656"},{"taxonomy":"product_cat","embeddable":true,"href":"https:\/\/mobecor.ee\/en\/wp-json\/wp\/v2\/product_cat?post=105656"},{"taxonomy":"product_tag","embeddable":true,"href":"https:\/\/mobecor.ee\/en\/wp-json\/wp\/v2\/product_tag?post=105656"}],"curies":[{"name":"wp","href":"https:\/\/api.w.org\/{rel}","templated":true}]}}