{"id":105682,"date":"2026-01-30T09:31:06","date_gmt":"2026-01-30T07:31:06","guid":{"rendered":"https:\/\/mobecor.ee\/?post_type=product&#038;p=105682"},"modified":"2026-04-16T17:02:52","modified_gmt":"2026-04-16T14:02:52","slug":"vedrumadrats-selena","status":"publish","type":"product","link":"https:\/\/mobecor.ee\/en\/toode\/vedrumadrats-selena\/","title":{"rendered":"Vedrumadrats Selena"},"content":{"rendered":"<p>Selena on mugav ja vastupidav, pocket vedrustusega kahepoolne, keskmise j\u00e4ikusega madrats.<br \/>\nMadratsil on 20 cm k\u00f5rgune 5-tsooniline pocket vedrus\u00fcsteem, kus iga vedru on pakitud eraldi kotikesse.<br \/>\nMadratsi kihtides kasutatud trikotaa\u017ekangas, vatiin ja vilt ning mittekootud kaitsekiht (spunbond) tagavad hea \u00f5huringluse, hoides magamispinna v\u00e4rske ja h\u00fcgieenilisena.<br \/>\nKahepoolne disain v\u00f5imaldab madratsit reguraalselt p\u00f6\u00f6rata, mis pikendab selle eluiga ja aitab s\u00e4ilitada \u00fchtlast mugavust.<br \/>\nMadratsil on tugevdatud servad.<br \/>\nMaksimaalne koormus: 130 kg \u00fche magamiskoha kohta.<\/p>\n","protected":false},"excerpt":{"rendered":"<p>Laiused: 90 cm; 120 cm; 140 cm; 160 cm; 180 cm.<br \/>\nS\u00fcgavus: 200 cm.<br \/>\nK\u00f5rgus: 25 cm.<br \/>\nTarneaeg: 3-4 n\u00e4dalat.<br \/>\n<strong>NB! V\u00f5ru laos kohe olemas m\u00f5\u00f5duga: 90*200; 120*200; 140*200; 160*200; 180*200.<br \/>\nTartu poes kohe olemas m\u00f5\u00f5duga: 90*200; 140*200; 160*200.<\/strong><\/p>\n","protected":false},"featured_media":109764,"template":"","meta":{"_acf_changed":false,"inline_featured_image":false},"series":[],"product_brand":[4046],"product_cat":[106,2934,4020],"product_tag":[],"class_list":{"0":"post-105682","1":"product","2":"type-product","3":"status-publish","4":"has-post-thumbnail","6":"product_brand-latsofa","7":"product_cat-madratsid","8":"product_cat-voodid-ja-madratsid-laos","9":"product_cat-kohe-olemas-tartu-poes","11":"first","12":"instock","13":"taxable","14":"shipping-taxable","15":"purchasable","16":"product-type-variable"},"acf":[],"_links":{"self":[{"href":"https:\/\/mobecor.ee\/en\/wp-json\/wp\/v2\/product\/105682","targetHints":{"allow":["GET"]}}],"collection":[{"href":"https:\/\/mobecor.ee\/en\/wp-json\/wp\/v2\/product"}],"about":[{"href":"https:\/\/mobecor.ee\/en\/wp-json\/wp\/v2\/types\/product"}],"wp:featuredmedia":[{"embeddable":true,"href":"https:\/\/mobecor.ee\/en\/wp-json\/wp\/v2\/media\/109764"}],"wp:attachment":[{"href":"https:\/\/mobecor.ee\/en\/wp-json\/wp\/v2\/media?parent=105682"}],"wp:term":[{"taxonomy":"series","embeddable":true,"href":"https:\/\/mobecor.ee\/en\/wp-json\/wp\/v2\/series?post=105682"},{"taxonomy":"product_brand","embeddable":true,"href":"https:\/\/mobecor.ee\/en\/wp-json\/wp\/v2\/product_brand?post=105682"},{"taxonomy":"product_cat","embeddable":true,"href":"https:\/\/mobecor.ee\/en\/wp-json\/wp\/v2\/product_cat?post=105682"},{"taxonomy":"product_tag","embeddable":true,"href":"https:\/\/mobecor.ee\/en\/wp-json\/wp\/v2\/product_tag?post=105682"}],"curies":[{"name":"wp","href":"https:\/\/api.w.org\/{rel}","templated":true}]}}