{"id":105748,"date":"2026-02-02T11:03:51","date_gmt":"2026-02-02T09:03:51","guid":{"rendered":"https:\/\/mobecor.ee\/?post_type=product&#038;p=105748"},"modified":"2026-02-02T11:45:07","modified_gmt":"2026-02-02T09:45:07","slug":"diivanvoodi-bajka-196","status":"publish","type":"product","link":"https:\/\/mobecor.ee\/en\/toode\/diivanvoodi-bajka-196\/","title":{"rendered":"Diivanvoodi Bajka (196 cm)"},"content":{"rendered":"<p>Diivanvoodi Bajka on bonell vedrustusega, pehmenduseks on kasutatud porolooni<br \/>\nKarkass on valmistatud puidust ja m\u00f6\u00f6bliplaadist.<br \/>\nMagamisosa avaneb lihtsalt ja\u00a0sobib igap\u00e4evaseks kasutuseks.<br \/>\nDiivanvoodi all on mahukas pesukast.<br \/>\nV\u00e4rvivalik: V\u00e4rvivalik: G3 (grafiithall); R1 (bee\u017e); R2 (latte); R3 (helehall); R4 (hall); R5 (grafiit).<\/p>\n","protected":false},"excerpt":{"rendered":"<p>Laius: 196 cm.<br \/>\nS\u00fcgavus: 90 cm.<br \/>\nK\u00f5rgus: 92 cm.<br \/>\nMagamiskoha m\u00f5\u00f5t: 196 x 115 cm.<br \/>\nPadjad ei kuulu komplekti, v\u00f5imalik juurde tellida.<br \/>\nTarneaeg: 4-8 n\u00e4dalat.<br \/>\n<strong>NB! Laos kohe olemas kangaga: G3 (grafiithall).<\/strong><br \/>\nNB! Diivani v\u00e4rvi tumedusaste v\u00f5ib veidi erineda pildil ja tegelikkuses. K\u00f5iki kangaid saab n\u00e4ha Mobecori m\u00f6\u00f6blipoodides kohapeal.<\/p>\n","protected":false},"featured_media":82513,"template":"","meta":{"_acf_changed":false,"inline_featured_image":false},"series":[],"product_brand":[2947],"product_cat":[195,2935],"product_tag":[],"class_list":{"0":"post-105748","1":"product","2":"type-product","3":"status-publish","4":"has-post-thumbnail","6":"product_brand-bodzio","7":"product_cat-diivanvoodid","8":"product_cat-pehmemoobel-laos","10":"first","11":"instock","12":"sale","13":"taxable","14":"shipping-taxable","15":"purchasable","16":"product-type-simple"},"acf":[],"_links":{"self":[{"href":"https:\/\/mobecor.ee\/en\/wp-json\/wp\/v2\/product\/105748","targetHints":{"allow":["GET"]}}],"collection":[{"href":"https:\/\/mobecor.ee\/en\/wp-json\/wp\/v2\/product"}],"about":[{"href":"https:\/\/mobecor.ee\/en\/wp-json\/wp\/v2\/types\/product"}],"wp:featuredmedia":[{"embeddable":true,"href":"https:\/\/mobecor.ee\/en\/wp-json\/wp\/v2\/media\/82513"}],"wp:attachment":[{"href":"https:\/\/mobecor.ee\/en\/wp-json\/wp\/v2\/media?parent=105748"}],"wp:term":[{"taxonomy":"series","embeddable":true,"href":"https:\/\/mobecor.ee\/en\/wp-json\/wp\/v2\/series?post=105748"},{"taxonomy":"product_brand","embeddable":true,"href":"https:\/\/mobecor.ee\/en\/wp-json\/wp\/v2\/product_brand?post=105748"},{"taxonomy":"product_cat","embeddable":true,"href":"https:\/\/mobecor.ee\/en\/wp-json\/wp\/v2\/product_cat?post=105748"},{"taxonomy":"product_tag","embeddable":true,"href":"https:\/\/mobecor.ee\/en\/wp-json\/wp\/v2\/product_tag?post=105748"}],"curies":[{"name":"wp","href":"https:\/\/api.w.org\/{rel}","templated":true}]}}