{"id":105759,"date":"2026-02-02T12:15:51","date_gmt":"2026-02-02T10:15:51","guid":{"rendered":"https:\/\/mobecor.ee\/?post_type=product&#038;p=105759"},"modified":"2026-02-02T13:23:06","modified_gmt":"2026-02-02T11:23:06","slug":"nurgadiivanvoodi-softina","status":"publish","type":"product","link":"https:\/\/mobecor.ee\/en\/toode\/nurgadiivanvoodi-softina\/","title":{"rendered":"Nurgadiivanvoodi Softina (242 cm)"},"content":{"rendered":"<p>Nurgadiivanvoodi Softina on bonell ja sik-sak vedrustusega, pehmenduseks on kasutatud HR porolooni.<br \/>\nKarkass on valmistatud puidust ja m\u00f6\u00f6bliplaadist.<br \/>\nMagamisosa avaneb lihtsalt ja sobib igap\u00e4evaseks kasutuseks.<br \/>\nNurgaosa all on pesukast.<br \/>\nJalad: plastikust<br \/>\nKangavalik:<br \/>\nB1 (kreem); B2 (bee\u017e); B3 (cappuccino); B4 (hall); B5 (grafiit).<br \/>\nR1 (bee\u017e); R2 (latte); R3 (helehall); R4 (hall); R5 (grafiit).<br \/>\nS1 (bee\u017e); S2 (hall).<\/p>\n","protected":false},"excerpt":{"rendered":"<p>Laius: 245 cm.<br \/>\nS\u00fcgavus: 165 cm.<br \/>\nK\u00f5rgus: 80 cm.<br \/>\nMagamiskoha m\u00f5\u00f5t: 155 x 202 cm.<br \/>\nTarneaeg: 4-8 n\u00e4dalat.<br \/>\nNB! Diivani v\u00e4rvi tumedusaste v\u00f5ib veidi erineda pildil ja tegelikkuses. K\u00f5iki kangaid saab n\u00e4ha Mobecori m\u00f6\u00f6blipoodides kohapeal.<\/p>\n","protected":false},"featured_media":105760,"template":"","meta":{"_acf_changed":false,"inline_featured_image":false},"series":[],"product_brand":[2947],"product_cat":[213],"product_tag":[],"class_list":{"0":"post-105759","1":"product","2":"type-product","3":"status-publish","4":"has-post-thumbnail","6":"product_brand-bodzio","7":"product_cat-nurgadiivanid","9":"first","10":"instock","11":"sale","12":"taxable","13":"shipping-taxable","14":"purchasable","15":"product-type-simple"},"acf":[],"_links":{"self":[{"href":"https:\/\/mobecor.ee\/en\/wp-json\/wp\/v2\/product\/105759","targetHints":{"allow":["GET"]}}],"collection":[{"href":"https:\/\/mobecor.ee\/en\/wp-json\/wp\/v2\/product"}],"about":[{"href":"https:\/\/mobecor.ee\/en\/wp-json\/wp\/v2\/types\/product"}],"wp:featuredmedia":[{"embeddable":true,"href":"https:\/\/mobecor.ee\/en\/wp-json\/wp\/v2\/media\/105760"}],"wp:attachment":[{"href":"https:\/\/mobecor.ee\/en\/wp-json\/wp\/v2\/media?parent=105759"}],"wp:term":[{"taxonomy":"series","embeddable":true,"href":"https:\/\/mobecor.ee\/en\/wp-json\/wp\/v2\/series?post=105759"},{"taxonomy":"product_brand","embeddable":true,"href":"https:\/\/mobecor.ee\/en\/wp-json\/wp\/v2\/product_brand?post=105759"},{"taxonomy":"product_cat","embeddable":true,"href":"https:\/\/mobecor.ee\/en\/wp-json\/wp\/v2\/product_cat?post=105759"},{"taxonomy":"product_tag","embeddable":true,"href":"https:\/\/mobecor.ee\/en\/wp-json\/wp\/v2\/product_tag?post=105759"}],"curies":[{"name":"wp","href":"https:\/\/api.w.org\/{rel}","templated":true}]}}