{"id":105876,"date":"2026-02-03T09:34:47","date_gmt":"2026-02-03T07:34:47","guid":{"rendered":"https:\/\/mobecor.ee\/?post_type=product&#038;p=105876"},"modified":"2026-02-03T11:15:41","modified_gmt":"2026-02-03T09:15:41","slug":"kummut-braga-brk2-tamm-cremona","status":"publish","type":"product","link":"https:\/\/mobecor.ee\/en\/toode\/kummut-braga-brk2-tamm-cremona\/","title":{"rendered":"Kummut Braga BRK2, tamm Cremona (120,5\/40\/85)"},"content":{"rendered":"<p>Kummutil on 1 uks ja 4 sahtlit.<br \/>\nMaterjal: kvaliteetne ja vastupidav lamineeritud m\u00f6\u00f6bliplaat.<br \/>\nV\u00e4rv: tamm Cremona.<br \/>\nK\u00e4epidemed: hinna sisse kuuluvad m\u00f6\u00f6bliplaadist k\u00e4epidemed.<br \/>\nLisavalikuna v\u00f5imalik osta musta v\u00e4rvi metallist k\u00e4epidemed.<br \/>\nToode tarnitakse detailidena.<br \/>\nToodetud: Poolas.<span style=\"font-size: 10pt;\"><br \/>\n<\/span><\/p>\n","protected":false},"excerpt":{"rendered":"<p>Laius: 120,5 cm.<br \/>\nS\u00fcgavus: 40 cm.<br \/>\nK\u00f5rgus: 85 cm.<br \/>\nTarneaeg: 4-8 n\u00e4dalat.<\/p>\n","protected":false},"featured_media":105879,"template":"","meta":{"_acf_changed":false,"inline_featured_image":false},"series":[4056],"product_brand":[2940],"product_cat":[36],"product_tag":[],"class_list":{"0":"post-105876","1":"product","2":"type-product","3":"status-publish","4":"has-post-thumbnail","6":"series-braga","7":"product_brand-meblar","8":"product_cat-kummutid","10":"first","11":"instock","12":"taxable","13":"shipping-taxable","14":"purchasable","15":"product-type-variable"},"acf":[],"_links":{"self":[{"href":"https:\/\/mobecor.ee\/en\/wp-json\/wp\/v2\/product\/105876","targetHints":{"allow":["GET"]}}],"collection":[{"href":"https:\/\/mobecor.ee\/en\/wp-json\/wp\/v2\/product"}],"about":[{"href":"https:\/\/mobecor.ee\/en\/wp-json\/wp\/v2\/types\/product"}],"wp:featuredmedia":[{"embeddable":true,"href":"https:\/\/mobecor.ee\/en\/wp-json\/wp\/v2\/media\/105879"}],"wp:attachment":[{"href":"https:\/\/mobecor.ee\/en\/wp-json\/wp\/v2\/media?parent=105876"}],"wp:term":[{"taxonomy":"series","embeddable":true,"href":"https:\/\/mobecor.ee\/en\/wp-json\/wp\/v2\/series?post=105876"},{"taxonomy":"product_brand","embeddable":true,"href":"https:\/\/mobecor.ee\/en\/wp-json\/wp\/v2\/product_brand?post=105876"},{"taxonomy":"product_cat","embeddable":true,"href":"https:\/\/mobecor.ee\/en\/wp-json\/wp\/v2\/product_cat?post=105876"},{"taxonomy":"product_tag","embeddable":true,"href":"https:\/\/mobecor.ee\/en\/wp-json\/wp\/v2\/product_tag?post=105876"}],"curies":[{"name":"wp","href":"https:\/\/api.w.org\/{rel}","templated":true}]}}