{"id":105910,"date":"2026-02-03T09:58:25","date_gmt":"2026-02-03T07:58:25","guid":{"rendered":"https:\/\/mobecor.ee\/?post_type=product&#038;p=105910"},"modified":"2026-02-03T11:16:46","modified_gmt":"2026-02-03T09:16:46","slug":"kummut-braga-brk2-kasmiir","status":"publish","type":"product","link":"https:\/\/mobecor.ee\/en\/toode\/kummut-braga-brk2-kasmiir\/","title":{"rendered":"Kummut Braga BRK2, ka\u0161miir (120,5\/40\/85)"},"content":{"rendered":"<p>Kummutil on 1 uks ja 4 sahtlit.<br \/>\nMaterjal: kvaliteetne ja vastupidav lamineeritud m\u00f6\u00f6bliplaat.<br \/>\nV\u00e4rv: ka\u0161miir.<br \/>\nK\u00e4epidemed: hinna sisse kuuluvad m\u00f6\u00f6bliplaadist k\u00e4epidemed.<br \/>\nLisavalikuna v\u00f5imalik osta metallist k\u00e4epidemed.<br \/>\nToode tarnitakse detailidena.<br \/>\nToodetud: Poolas.<span style=\"font-size: 10pt;\"><br \/>\n<\/span><\/p>\n","protected":false},"excerpt":{"rendered":"<p>Laius: 120,5 cm.<br \/>\nS\u00fcgavus: 40 cm.<br \/>\nK\u00f5rgus: 85 cm.<br \/>\nTarneaeg: 4-8 n\u00e4dalat.<\/p>\n","protected":false},"featured_media":105921,"template":"","meta":{"_acf_changed":false,"inline_featured_image":false},"series":[4056],"product_brand":[2940],"product_cat":[36],"product_tag":[],"class_list":{"0":"post-105910","1":"product","2":"type-product","3":"status-publish","4":"has-post-thumbnail","6":"series-braga","7":"product_brand-meblar","8":"product_cat-kummutid","10":"first","11":"instock","12":"taxable","13":"shipping-taxable","14":"purchasable","15":"product-type-variable"},"acf":[],"_links":{"self":[{"href":"https:\/\/mobecor.ee\/en\/wp-json\/wp\/v2\/product\/105910","targetHints":{"allow":["GET"]}}],"collection":[{"href":"https:\/\/mobecor.ee\/en\/wp-json\/wp\/v2\/product"}],"about":[{"href":"https:\/\/mobecor.ee\/en\/wp-json\/wp\/v2\/types\/product"}],"wp:featuredmedia":[{"embeddable":true,"href":"https:\/\/mobecor.ee\/en\/wp-json\/wp\/v2\/media\/105921"}],"wp:attachment":[{"href":"https:\/\/mobecor.ee\/en\/wp-json\/wp\/v2\/media?parent=105910"}],"wp:term":[{"taxonomy":"series","embeddable":true,"href":"https:\/\/mobecor.ee\/en\/wp-json\/wp\/v2\/series?post=105910"},{"taxonomy":"product_brand","embeddable":true,"href":"https:\/\/mobecor.ee\/en\/wp-json\/wp\/v2\/product_brand?post=105910"},{"taxonomy":"product_cat","embeddable":true,"href":"https:\/\/mobecor.ee\/en\/wp-json\/wp\/v2\/product_cat?post=105910"},{"taxonomy":"product_tag","embeddable":true,"href":"https:\/\/mobecor.ee\/en\/wp-json\/wp\/v2\/product_tag?post=105910"}],"curies":[{"name":"wp","href":"https:\/\/api.w.org\/{rel}","templated":true}]}}