{"id":105992,"date":"2026-02-03T11:26:54","date_gmt":"2026-02-03T09:26:54","guid":{"rendered":"https:\/\/mobecor.ee\/?post_type=product&#038;p=105992"},"modified":"2026-02-03T13:08:46","modified_gmt":"2026-02-03T11:08:46","slug":"riidekapp-braga-br2-tamm-cremona-riiulitega","status":"publish","type":"product","link":"https:\/\/mobecor.ee\/en\/toode\/riidekapp-braga-br2-tamm-cremona-riiulitega\/","title":{"rendered":"Riidekapp Braga BR2, tamm Cremona riiulitega (150\/60,5\/210)"},"content":{"rendered":"<p>Riidekapil on 3 ust. Uste taga on riiulid ja riidepuutorud.<br \/>\nMaterjal: kvaliteetne ja vastupidav lamineeritud m\u00f6\u00f6bliplaat.<br \/>\nV\u00e4rv: tamm Cremona.<br \/>\nK\u00e4epidemed: hinna sisse kuuluvad m\u00f6\u00f6bliplaadist k\u00e4epidemed.<br \/>\nLisavalikuna v\u00f5imalik osta musta v\u00e4rvi metallist k\u00e4epidemed.<br \/>\nToode tarnitakse detailidena.<br \/>\nToodetud: Poolas.<span style=\"font-size: 10pt;\"><br \/>\n<\/span><\/p>\n","protected":false},"excerpt":{"rendered":"<p>Laius: 150 cm.<br \/>\nS\u00fcgavus: 60,5 cm.<br \/>\nK\u00f5rgus: 210 cm.<br \/>\nTarneaeg: 4-8 n\u00e4dalat.<\/p>\n","protected":false},"featured_media":105995,"template":"","meta":{"_acf_changed":false,"inline_featured_image":false},"series":[4056],"product_brand":[2940],"product_cat":[328],"product_tag":[],"class_list":{"0":"post-105992","1":"product","2":"type-product","3":"status-publish","4":"has-post-thumbnail","6":"series-braga","7":"product_brand-meblar","8":"product_cat-3-uksega-kapid","10":"first","11":"instock","12":"taxable","13":"shipping-taxable","14":"purchasable","15":"product-type-variable"},"acf":[],"_links":{"self":[{"href":"https:\/\/mobecor.ee\/en\/wp-json\/wp\/v2\/product\/105992","targetHints":{"allow":["GET"]}}],"collection":[{"href":"https:\/\/mobecor.ee\/en\/wp-json\/wp\/v2\/product"}],"about":[{"href":"https:\/\/mobecor.ee\/en\/wp-json\/wp\/v2\/types\/product"}],"wp:featuredmedia":[{"embeddable":true,"href":"https:\/\/mobecor.ee\/en\/wp-json\/wp\/v2\/media\/105995"}],"wp:attachment":[{"href":"https:\/\/mobecor.ee\/en\/wp-json\/wp\/v2\/media?parent=105992"}],"wp:term":[{"taxonomy":"series","embeddable":true,"href":"https:\/\/mobecor.ee\/en\/wp-json\/wp\/v2\/series?post=105992"},{"taxonomy":"product_brand","embeddable":true,"href":"https:\/\/mobecor.ee\/en\/wp-json\/wp\/v2\/product_brand?post=105992"},{"taxonomy":"product_cat","embeddable":true,"href":"https:\/\/mobecor.ee\/en\/wp-json\/wp\/v2\/product_cat?post=105992"},{"taxonomy":"product_tag","embeddable":true,"href":"https:\/\/mobecor.ee\/en\/wp-json\/wp\/v2\/product_tag?post=105992"}],"curies":[{"name":"wp","href":"https:\/\/api.w.org\/{rel}","templated":true}]}}