{"id":106017,"date":"2026-02-03T12:59:27","date_gmt":"2026-02-03T10:59:27","guid":{"rendered":"https:\/\/mobecor.ee\/?post_type=product&#038;p=106017"},"modified":"2026-02-03T13:17:18","modified_gmt":"2026-02-03T11:17:18","slug":"riidekapp-braga-br1-kasmiir-sahtlitega","status":"publish","type":"product","link":"https:\/\/mobecor.ee\/en\/toode\/riidekapp-braga-br1-kasmiir-sahtlitega\/","title":{"rendered":"Riidekapp Braga BR1, ka\u0161miir sahtlitega (200\/60,5\/210)"},"content":{"rendered":"<p>Riidekapil on 4 ust. Uste taga on riiulid, riidepuutorud ja 3 sahtlit.<br \/>\nMaterjal: kvaliteetne ja vastupidav lamineeritud m\u00f6\u00f6bliplaat.<br \/>\nV\u00e4rv: ka\u0161miir.<br \/>\nK\u00e4epidemed: hinna sisse kuuluvad m\u00f6\u00f6bliplaadist k\u00e4epidemed.<br \/>\nLisavalikuna v\u00f5imalik osta metallist k\u00e4epidemed.<br \/>\nToode tarnitakse detailidena.<br \/>\nToodetud: Poolas.<span style=\"font-size: 10pt;\"><br \/>\n<\/span><\/p>\n","protected":false},"excerpt":{"rendered":"<p>Laius: 200 cm.<br \/>\nS\u00fcgavus: 60,5 cm.<br \/>\nK\u00f5rgus: 210 cm.<br \/>\nTarneaeg: 4-8 n\u00e4dalat.<\/p>\n","protected":false},"featured_media":106015,"template":"","meta":{"_acf_changed":false,"inline_featured_image":false},"series":[4056],"product_brand":[2940],"product_cat":[329],"product_tag":[],"class_list":{"0":"post-106017","1":"product","2":"type-product","3":"status-publish","4":"has-post-thumbnail","6":"series-braga","7":"product_brand-meblar","8":"product_cat-4-uksega-kapid","10":"first","11":"instock","12":"taxable","13":"shipping-taxable","14":"purchasable","15":"product-type-variable"},"acf":[],"_links":{"self":[{"href":"https:\/\/mobecor.ee\/en\/wp-json\/wp\/v2\/product\/106017","targetHints":{"allow":["GET"]}}],"collection":[{"href":"https:\/\/mobecor.ee\/en\/wp-json\/wp\/v2\/product"}],"about":[{"href":"https:\/\/mobecor.ee\/en\/wp-json\/wp\/v2\/types\/product"}],"wp:featuredmedia":[{"embeddable":true,"href":"https:\/\/mobecor.ee\/en\/wp-json\/wp\/v2\/media\/106015"}],"wp:attachment":[{"href":"https:\/\/mobecor.ee\/en\/wp-json\/wp\/v2\/media?parent=106017"}],"wp:term":[{"taxonomy":"series","embeddable":true,"href":"https:\/\/mobecor.ee\/en\/wp-json\/wp\/v2\/series?post=106017"},{"taxonomy":"product_brand","embeddable":true,"href":"https:\/\/mobecor.ee\/en\/wp-json\/wp\/v2\/product_brand?post=106017"},{"taxonomy":"product_cat","embeddable":true,"href":"https:\/\/mobecor.ee\/en\/wp-json\/wp\/v2\/product_cat?post=106017"},{"taxonomy":"product_tag","embeddable":true,"href":"https:\/\/mobecor.ee\/en\/wp-json\/wp\/v2\/product_tag?post=106017"}],"curies":[{"name":"wp","href":"https:\/\/api.w.org\/{rel}","templated":true}]}}