{"id":106112,"date":"2026-02-03T14:34:53","date_gmt":"2026-02-03T12:34:53","guid":{"rendered":"https:\/\/mobecor.ee\/?post_type=product&#038;p=106112"},"modified":"2026-03-17T09:40:58","modified_gmt":"2026-03-17T07:40:58","slug":"nurgariidekapp-braga-br4-tamm-cremona","status":"publish","type":"product","link":"https:\/\/mobecor.ee\/en\/toode\/nurgariidekapp-braga-br4-tamm-cremona\/","title":{"rendered":"Nurgariidekapp Braga BR4, tamm Cremona (95\/95\/210)"},"content":{"rendered":"<p>Riidekapil on 1 uks. Ukse taga on riiulid ja riidepuutorud.<br \/>\nMaterjal: kvaliteetne ja vastupidav lamineeritud m\u00f6\u00f6bliplaat.<br \/>\nV\u00e4rv: tamm Cremona.<br \/>\nK\u00e4epide: hinna sisse kuulub m\u00f6\u00f6bliplaadist k\u00e4epide.<br \/>\nLisavalikuna v\u00f5imalik osta musta v\u00e4rvi metallist k\u00e4epide.<br \/>\nToode tarnitakse detailidena.<br \/>\nToodetud: Poolas.<span style=\"font-size: 10pt;\"><br \/>\n<\/span><\/p>\n","protected":false},"excerpt":{"rendered":"<p>Laius: 95 cm.<br \/>\nS\u00fcgavus: 95 cm.<br \/>\nK\u00f5rgus: 210 cm.<br \/>\nTarneaeg: 4-8 n\u00e4dalat.<\/p>\n","protected":false},"featured_media":106115,"template":"","meta":{"_acf_changed":false,"inline_featured_image":false},"series":[4056],"product_brand":[2940],"product_cat":[4093],"product_tag":[],"class_list":{"0":"post-106112","1":"product","2":"type-product","3":"status-publish","4":"has-post-thumbnail","6":"series-braga","7":"product_brand-meblar","8":"product_cat-nurgakapid","10":"first","11":"instock","12":"taxable","13":"shipping-taxable","14":"purchasable","15":"product-type-variable"},"acf":[],"_links":{"self":[{"href":"https:\/\/mobecor.ee\/en\/wp-json\/wp\/v2\/product\/106112","targetHints":{"allow":["GET"]}}],"collection":[{"href":"https:\/\/mobecor.ee\/en\/wp-json\/wp\/v2\/product"}],"about":[{"href":"https:\/\/mobecor.ee\/en\/wp-json\/wp\/v2\/types\/product"}],"wp:featuredmedia":[{"embeddable":true,"href":"https:\/\/mobecor.ee\/en\/wp-json\/wp\/v2\/media\/106115"}],"wp:attachment":[{"href":"https:\/\/mobecor.ee\/en\/wp-json\/wp\/v2\/media?parent=106112"}],"wp:term":[{"taxonomy":"series","embeddable":true,"href":"https:\/\/mobecor.ee\/en\/wp-json\/wp\/v2\/series?post=106112"},{"taxonomy":"product_brand","embeddable":true,"href":"https:\/\/mobecor.ee\/en\/wp-json\/wp\/v2\/product_brand?post=106112"},{"taxonomy":"product_cat","embeddable":true,"href":"https:\/\/mobecor.ee\/en\/wp-json\/wp\/v2\/product_cat?post=106112"},{"taxonomy":"product_tag","embeddable":true,"href":"https:\/\/mobecor.ee\/en\/wp-json\/wp\/v2\/product_tag?post=106112"}],"curies":[{"name":"wp","href":"https:\/\/api.w.org\/{rel}","templated":true}]}}