{"id":106254,"date":"2026-02-04T08:31:51","date_gmt":"2026-02-04T06:31:51","guid":{"rendered":"https:\/\/mobecor.ee\/?post_type=product&#038;p=106254"},"modified":"2026-02-04T08:35:15","modified_gmt":"2026-02-04T06:35:15","slug":"riidekapi-korgendus-braga-brn3-tamm-cremona","status":"publish","type":"product","link":"https:\/\/mobecor.ee\/en\/toode\/riidekapi-korgendus-braga-brn3-tamm-cremona\/","title":{"rendered":"Riidekapi k\u00f5rgendus Braga BRN3, tamm Cremona (100\/60,5\/40)"},"content":{"rendered":"<p>K\u00f5rgendus 2-uksega riidekapile <a href=\"https:\/\/mobecor.ee\/?s=Riidekapp+Braga+BR3&amp;post_type=product&amp;dgwt_wcas=1&amp;lang=et\" target=\"_blank\" rel=\"noopener\">Braga BR3<\/a>.<br \/>\nMaterjal: kvaliteetne ja vastupidav lamineeritud m\u00f6\u00f6bliplaat.<br \/>\nV\u00e4rv: tamm Cremona.<br \/>\nK\u00e4epidemed: hinna sisse kuuluvad m\u00f6\u00f6bliplaadist k\u00e4epidemed.<br \/>\nLisavalikuna v\u00f5imalik osta musta v\u00e4rvi metallist k\u00e4epidemed.<br \/>\nToode tarnitakse detailidena.<br \/>\nToodetud: Poolas.<span style=\"font-size: 10pt;\"><br \/>\n<\/span><\/p>\n","protected":false},"excerpt":{"rendered":"<p>Laius: 100 cm.<br \/>\nS\u00fcgavus: 60,5 cm.<br \/>\nK\u00f5rgus: 40 cm.<br \/>\nTarneaeg: 4-8 n\u00e4dalat.<\/p>\n","protected":false},"featured_media":106257,"template":"","meta":{"_acf_changed":false,"inline_featured_image":false},"series":[4056],"product_brand":[2940],"product_cat":[327],"product_tag":[],"class_list":{"0":"post-106254","1":"product","2":"type-product","3":"status-publish","4":"has-post-thumbnail","6":"series-braga","7":"product_brand-meblar","8":"product_cat-2-uksega-kapid","10":"first","11":"instock","12":"taxable","13":"shipping-taxable","14":"purchasable","15":"product-type-variable"},"acf":[],"_links":{"self":[{"href":"https:\/\/mobecor.ee\/en\/wp-json\/wp\/v2\/product\/106254","targetHints":{"allow":["GET"]}}],"collection":[{"href":"https:\/\/mobecor.ee\/en\/wp-json\/wp\/v2\/product"}],"about":[{"href":"https:\/\/mobecor.ee\/en\/wp-json\/wp\/v2\/types\/product"}],"wp:featuredmedia":[{"embeddable":true,"href":"https:\/\/mobecor.ee\/en\/wp-json\/wp\/v2\/media\/106257"}],"wp:attachment":[{"href":"https:\/\/mobecor.ee\/en\/wp-json\/wp\/v2\/media?parent=106254"}],"wp:term":[{"taxonomy":"series","embeddable":true,"href":"https:\/\/mobecor.ee\/en\/wp-json\/wp\/v2\/series?post=106254"},{"taxonomy":"product_brand","embeddable":true,"href":"https:\/\/mobecor.ee\/en\/wp-json\/wp\/v2\/product_brand?post=106254"},{"taxonomy":"product_cat","embeddable":true,"href":"https:\/\/mobecor.ee\/en\/wp-json\/wp\/v2\/product_cat?post=106254"},{"taxonomy":"product_tag","embeddable":true,"href":"https:\/\/mobecor.ee\/en\/wp-json\/wp\/v2\/product_tag?post=106254"}],"curies":[{"name":"wp","href":"https:\/\/api.w.org\/{rel}","templated":true}]}}