{"id":106303,"date":"2026-02-04T08:56:30","date_gmt":"2026-02-04T06:56:30","guid":{"rendered":"https:\/\/mobecor.ee\/?post_type=product&#038;p=106303"},"modified":"2026-03-17T09:37:43","modified_gmt":"2026-03-17T07:37:43","slug":"korgendus-braga-brn4-plaatinahall","status":"publish","type":"product","link":"https:\/\/mobecor.ee\/en\/toode\/korgendus-braga-brn4-plaatinahall\/","title":{"rendered":"Nurgariidekapi k\u00f5rgendus Braga BRN4, plaatinahall (95\/95\/40)"},"content":{"rendered":"<p>K\u00f5rgendus nurgariidekapile\u00a0<a href=\"https:\/\/mobecor.ee\/?s=Nurgariidekapp+Braga+BR4&amp;post_type=product&amp;dgwt_wcas=1&amp;lang=et\" target=\"_blank\" rel=\"noopener\">Braga BR4<\/a>.<br \/>\nMaterjal: kvaliteetne ja vastupidav lamineeritud m\u00f6\u00f6bliplaat.<br \/>\nV\u00e4rv: plaatinahall.<br \/>\nK\u00e4epide: hinna sisse kuulub m\u00f6\u00f6bliplaadist k\u00e4epide.<br \/>\nLisavalikuna v\u00f5imalik osta metallist k\u00e4epide.<br \/>\nToode tarnitakse detailidena.<br \/>\nToodetud: Poolas.<span style=\"font-size: 10pt;\"><br \/>\n<\/span><\/p>\n","protected":false},"excerpt":{"rendered":"<p>Laius: 95 cm.<br \/>\nS\u00fcgavus: 95 cm.<br \/>\nK\u00f5rgus: 40 cm.<br \/>\nTarneaeg: 4-8 n\u00e4dalat.<\/p>\n","protected":false},"featured_media":106314,"template":"","meta":{"_acf_changed":false,"inline_featured_image":false},"series":[4056],"product_brand":[2940],"product_cat":[4093],"product_tag":[],"class_list":{"0":"post-106303","1":"product","2":"type-product","3":"status-publish","4":"has-post-thumbnail","6":"series-braga","7":"product_brand-meblar","8":"product_cat-nurgakapid","10":"first","11":"instock","12":"taxable","13":"shipping-taxable","14":"purchasable","15":"product-type-variable"},"acf":[],"_links":{"self":[{"href":"https:\/\/mobecor.ee\/en\/wp-json\/wp\/v2\/product\/106303","targetHints":{"allow":["GET"]}}],"collection":[{"href":"https:\/\/mobecor.ee\/en\/wp-json\/wp\/v2\/product"}],"about":[{"href":"https:\/\/mobecor.ee\/en\/wp-json\/wp\/v2\/types\/product"}],"wp:featuredmedia":[{"embeddable":true,"href":"https:\/\/mobecor.ee\/en\/wp-json\/wp\/v2\/media\/106314"}],"wp:attachment":[{"href":"https:\/\/mobecor.ee\/en\/wp-json\/wp\/v2\/media?parent=106303"}],"wp:term":[{"taxonomy":"series","embeddable":true,"href":"https:\/\/mobecor.ee\/en\/wp-json\/wp\/v2\/series?post=106303"},{"taxonomy":"product_brand","embeddable":true,"href":"https:\/\/mobecor.ee\/en\/wp-json\/wp\/v2\/product_brand?post=106303"},{"taxonomy":"product_cat","embeddable":true,"href":"https:\/\/mobecor.ee\/en\/wp-json\/wp\/v2\/product_cat?post=106303"},{"taxonomy":"product_tag","embeddable":true,"href":"https:\/\/mobecor.ee\/en\/wp-json\/wp\/v2\/product_tag?post=106303"}],"curies":[{"name":"wp","href":"https:\/\/api.w.org\/{rel}","templated":true}]}}