{"id":106542,"date":"2026-02-05T14:41:28","date_gmt":"2026-02-05T12:41:28","guid":{"rendered":"https:\/\/mobecor.ee\/?post_type=product&#038;p=106542"},"modified":"2026-04-10T10:37:04","modified_gmt":"2026-04-10T07:37:04","slug":"diivanilaud-sigma-b-sm-02-valge-matt-laos","status":"publish","type":"product","link":"https:\/\/mobecor.ee\/en\/toode\/diivanilaud-sigma-b-sm-02-valge-matt-laos\/","title":{"rendered":"Diivanilaud Sigma B SM-02, valge matt (84,2\/84,2\/43)\/Laos kohe olemas"},"content":{"rendered":"<p>\u00dcmmargune diivanilaud kahe plaadiga.<br \/>\nLauaplaat: kvaliteetne ja vastupidav\u00a0puitlaastplaat 32 mm.<br \/>\nV\u00e4rv: valge matt.<br \/>\nServad: ABS.<br \/>\nJalad ja raam: metallist, v\u00e4rvus \u2013 must.<br \/>\nToode tarnitakse detailidena.<br \/>\nToodetud: Poolas.<\/p>\n","protected":false},"excerpt":{"rendered":"<p>Lauaplaadi l\u00e4bim\u00f5\u00f5t: 80 cm.<br \/>\nLaua laius koos jalgadega:\u00a084,2\u00a0cm.<br \/>\nLaua s\u00fcgavus koos jalgadega:\u00a084,2 cm.<br \/>\nK\u00f5rgus: 43 cm.<br \/>\nKaal:\u00a029 kg.<br \/>\nTarneaeg: laos kohe olemas.<\/p>\n","protected":false},"featured_media":10334,"template":"","meta":{"_acf_changed":false,"inline_featured_image":false},"series":[],"product_brand":[2954],"product_cat":[37,2929],"product_tag":[],"class_list":{"0":"post-106542","1":"product","2":"type-product","3":"status-publish","4":"has-post-thumbnail","6":"product_brand-gib","7":"product_cat-diivanilauad","8":"product_cat-diivanilauad-laos","10":"first","11":"instock","12":"sale","13":"taxable","14":"shipping-taxable","15":"purchasable","16":"product-type-simple"},"acf":[],"_links":{"self":[{"href":"https:\/\/mobecor.ee\/en\/wp-json\/wp\/v2\/product\/106542","targetHints":{"allow":["GET"]}}],"collection":[{"href":"https:\/\/mobecor.ee\/en\/wp-json\/wp\/v2\/product"}],"about":[{"href":"https:\/\/mobecor.ee\/en\/wp-json\/wp\/v2\/types\/product"}],"wp:featuredmedia":[{"embeddable":true,"href":"https:\/\/mobecor.ee\/en\/wp-json\/wp\/v2\/media\/10334"}],"wp:attachment":[{"href":"https:\/\/mobecor.ee\/en\/wp-json\/wp\/v2\/media?parent=106542"}],"wp:term":[{"taxonomy":"series","embeddable":true,"href":"https:\/\/mobecor.ee\/en\/wp-json\/wp\/v2\/series?post=106542"},{"taxonomy":"product_brand","embeddable":true,"href":"https:\/\/mobecor.ee\/en\/wp-json\/wp\/v2\/product_brand?post=106542"},{"taxonomy":"product_cat","embeddable":true,"href":"https:\/\/mobecor.ee\/en\/wp-json\/wp\/v2\/product_cat?post=106542"},{"taxonomy":"product_tag","embeddable":true,"href":"https:\/\/mobecor.ee\/en\/wp-json\/wp\/v2\/product_tag?post=106542"}],"curies":[{"name":"wp","href":"https:\/\/api.w.org\/{rel}","templated":true}]}}