{"id":106899,"date":"2026-02-11T15:15:06","date_gmt":"2026-02-11T13:15:06","guid":{"rendered":"https:\/\/mobecor.ee\/?post_type=product&#038;p=106899"},"modified":"2026-02-11T15:18:24","modified_gmt":"2026-02-11T13:18:24","slug":"jalanoudekapp-blanco-21n-laos","status":"publish","type":"product","link":"https:\/\/mobecor.ee\/en\/toode\/jalanoudekapp-blanco-21n-laos\/","title":{"rendered":"Jalan\u00f5udekapp Blanco 21N (80\/42\/50)\/Laos kohe olemas"},"content":{"rendered":"<p>Jalan\u00f5udekapil on 1 uks. Kokkupanekul v\u00f5imalik valida ukse avanemise poolt (paremale v\u00f5i vasakule).<br \/>\nLisavalikuna v\u00f5imalik juurde osta pehme isetpadi SDZ-02.<br \/>\nMaterjal: kvaliteetne\u00a0lamineeritud m\u00f6\u00f6bliplaat, servad ABS, k\u00e4epide MDF.<br \/>\nV\u00e4rv: valge m\u00e4nd\/hall.<br \/>\nToode tarnitakse detailidena.<br \/>\nToodetud: Poolas.<\/p>\n","protected":false},"excerpt":{"rendered":"<p>Laius: 80 cm<br \/>\nS\u00fcgavus: 42 cm.<br \/>\nK\u00f5rgus: 50 cm.<br \/>\nKaal: 22,5 kg.<br \/>\n<strong>Tarneaeg: laos kohe olemas.<\/strong><\/p>\n","protected":false},"featured_media":5564,"template":"","meta":{"_acf_changed":false,"inline_featured_image":false},"series":[2729],"product_brand":[2938],"product_cat":[293,2930],"product_tag":[],"class_list":{"0":"post-106899","1":"product","2":"type-product","3":"status-publish","4":"has-post-thumbnail","6":"series-blanco","7":"product_brand-ml-meble","8":"product_cat-jalanoudekapid","9":"product_cat-esikumoobel-laos","11":"first","12":"instock","13":"sale","14":"taxable","15":"shipping-taxable","16":"purchasable","17":"product-type-variable"},"acf":[],"_links":{"self":[{"href":"https:\/\/mobecor.ee\/en\/wp-json\/wp\/v2\/product\/106899","targetHints":{"allow":["GET"]}}],"collection":[{"href":"https:\/\/mobecor.ee\/en\/wp-json\/wp\/v2\/product"}],"about":[{"href":"https:\/\/mobecor.ee\/en\/wp-json\/wp\/v2\/types\/product"}],"wp:featuredmedia":[{"embeddable":true,"href":"https:\/\/mobecor.ee\/en\/wp-json\/wp\/v2\/media\/5564"}],"wp:attachment":[{"href":"https:\/\/mobecor.ee\/en\/wp-json\/wp\/v2\/media?parent=106899"}],"wp:term":[{"taxonomy":"series","embeddable":true,"href":"https:\/\/mobecor.ee\/en\/wp-json\/wp\/v2\/series?post=106899"},{"taxonomy":"product_brand","embeddable":true,"href":"https:\/\/mobecor.ee\/en\/wp-json\/wp\/v2\/product_brand?post=106899"},{"taxonomy":"product_cat","embeddable":true,"href":"https:\/\/mobecor.ee\/en\/wp-json\/wp\/v2\/product_cat?post=106899"},{"taxonomy":"product_tag","embeddable":true,"href":"https:\/\/mobecor.ee\/en\/wp-json\/wp\/v2\/product_tag?post=106899"}],"curies":[{"name":"wp","href":"https:\/\/api.w.org\/{rel}","templated":true}]}}