{"id":107200,"date":"2026-02-16T10:19:48","date_gmt":"2026-02-16T08:19:48","guid":{"rendered":"https:\/\/mobecor.ee\/?post_type=product&#038;p=107200"},"modified":"2026-02-16T10:39:15","modified_gmt":"2026-02-16T08:39:15","slug":"voodi-windsor-w17","status":"publish","type":"product","link":"https:\/\/mobecor.ee\/en\/toode\/voodi-windsor-w17\/","title":{"rendered":"Voodi Windsor W17 (140*200)"},"content":{"rendered":"<p>Voodile sobib madrats m\u00f5\u00f5tudes 140 x 200 cm. Madrats ei kuulu komplekti.<br \/>\nVoodil on gaasamortidega \u00fclest\u00f5stetav voodip\u00f5hi, mille all on mahukas pesukast.<br \/>\nMaterjal: lamineeritud m\u00f6\u00f6bliplaat + dekoratiivsed MDF-liistud.<br \/>\nTugevad, tammepuidust jalad \u2013 vastupidavad, stabiilsed ja 100% looduslikud \u2013 r\u00f5hutavad k\u00f5rget kvaliteeti.<br \/>\nV\u00e4rv: ka\u0161miir \u2013 elegantne, soe toon, mis loob hubase atmosf\u00e4\u00e4ri.<br \/>\nNB! V\u00e4rv v\u00f5ib veidi erineda pildil ja tegelikkuses.<br \/>\nToodetud: Poolas.<br \/>\nToode tarnitakse detailidena.<\/p>\n","protected":false},"excerpt":{"rendered":"<p>Laius: 147,5 cm.<br \/>\nS\u00fcgavus: 209,5 cm.<br \/>\nK\u00f5rgus: 110 cm.<br \/>\nTarneaeg: 4-8 n\u00e4dalat.<\/p>\n","protected":false},"featured_media":107201,"template":"","meta":{"_acf_changed":false,"inline_featured_image":false},"series":[3609],"product_brand":[2946],"product_cat":[4015],"product_tag":[],"class_list":{"0":"post-107200","1":"product","2":"type-product","3":"status-publish","4":"has-post-thumbnail","6":"series-windsor-mooblisari","7":"product_brand-jarstol","8":"product_cat-voodid-140-x-200","10":"first","11":"instock","12":"taxable","13":"shipping-taxable","14":"purchasable","15":"product-type-simple"},"acf":[],"_links":{"self":[{"href":"https:\/\/mobecor.ee\/en\/wp-json\/wp\/v2\/product\/107200","targetHints":{"allow":["GET"]}}],"collection":[{"href":"https:\/\/mobecor.ee\/en\/wp-json\/wp\/v2\/product"}],"about":[{"href":"https:\/\/mobecor.ee\/en\/wp-json\/wp\/v2\/types\/product"}],"wp:featuredmedia":[{"embeddable":true,"href":"https:\/\/mobecor.ee\/en\/wp-json\/wp\/v2\/media\/107201"}],"wp:attachment":[{"href":"https:\/\/mobecor.ee\/en\/wp-json\/wp\/v2\/media?parent=107200"}],"wp:term":[{"taxonomy":"series","embeddable":true,"href":"https:\/\/mobecor.ee\/en\/wp-json\/wp\/v2\/series?post=107200"},{"taxonomy":"product_brand","embeddable":true,"href":"https:\/\/mobecor.ee\/en\/wp-json\/wp\/v2\/product_brand?post=107200"},{"taxonomy":"product_cat","embeddable":true,"href":"https:\/\/mobecor.ee\/en\/wp-json\/wp\/v2\/product_cat?post=107200"},{"taxonomy":"product_tag","embeddable":true,"href":"https:\/\/mobecor.ee\/en\/wp-json\/wp\/v2\/product_tag?post=107200"}],"curies":[{"name":"wp","href":"https:\/\/api.w.org\/{rel}","templated":true}]}}