{"id":107402,"date":"2026-02-17T12:13:59","date_gmt":"2026-02-17T10:13:59","guid":{"rendered":"https:\/\/mobecor.ee\/?post_type=product&#038;p=107402"},"modified":"2026-02-17T12:25:45","modified_gmt":"2026-02-17T10:25:45","slug":"kummut-ademo-2","status":"publish","type":"product","link":"https:\/\/mobecor.ee\/en\/toode\/kummut-ademo-2\/","title":{"rendered":"Kummut Ademo 2 (150\/41\/92)"},"content":{"rendered":"<p>3-uksega kummut.<br \/>\nAdemo tootesarja iseloomustab ajatu vorm ning kvaliteetne teostus.<br \/>\nM\u00f6\u00f6bel on valmistatud vastupidavast m\u00f6\u00f6bliplaadist ning viimistletud hoolikalt t\u00f6\u00f6deldud servadega.<br \/>\nMetallist jalad (15 cm) lisavad kergust ja kaasaegset ilmet.<br \/>\nPush-to-open s\u00fcsteem muudab kasutamise mugavaks ning r\u00f5hutab k\u00e4epidemeteta, puhast disaini.<br \/>\nSaadaval pehmes ka\u0161miiri-\u00a0 ja elegantses p\u00e4hkli toonis.<br \/>\nToodetud: Poolas.<br \/>\nToode tarnitakse detailidena.<\/p>\n","protected":false},"excerpt":{"rendered":"<p>Laius: 150 cm<br \/>\nS\u00fcgavus: 41 cm.<br \/>\nK\u00f5rgus: 92 cm.<br \/>\nTarneaeg: 4-8 n\u00e4dalat.<\/p>\n","protected":false},"featured_media":107403,"template":"","meta":{"_acf_changed":false,"inline_featured_image":false},"series":[4073],"product_brand":[2979],"product_cat":[36],"product_tag":[],"class_list":{"0":"post-107402","1":"product","2":"type-product","3":"status-publish","4":"has-post-thumbnail","6":"series-ademo","7":"product_brand-jurek","8":"product_cat-kummutid","10":"first","11":"instock","12":"taxable","13":"shipping-taxable","14":"purchasable","15":"product-type-simple"},"acf":[],"_links":{"self":[{"href":"https:\/\/mobecor.ee\/en\/wp-json\/wp\/v2\/product\/107402","targetHints":{"allow":["GET"]}}],"collection":[{"href":"https:\/\/mobecor.ee\/en\/wp-json\/wp\/v2\/product"}],"about":[{"href":"https:\/\/mobecor.ee\/en\/wp-json\/wp\/v2\/types\/product"}],"wp:featuredmedia":[{"embeddable":true,"href":"https:\/\/mobecor.ee\/en\/wp-json\/wp\/v2\/media\/107403"}],"wp:attachment":[{"href":"https:\/\/mobecor.ee\/en\/wp-json\/wp\/v2\/media?parent=107402"}],"wp:term":[{"taxonomy":"series","embeddable":true,"href":"https:\/\/mobecor.ee\/en\/wp-json\/wp\/v2\/series?post=107402"},{"taxonomy":"product_brand","embeddable":true,"href":"https:\/\/mobecor.ee\/en\/wp-json\/wp\/v2\/product_brand?post=107402"},{"taxonomy":"product_cat","embeddable":true,"href":"https:\/\/mobecor.ee\/en\/wp-json\/wp\/v2\/product_cat?post=107402"},{"taxonomy":"product_tag","embeddable":true,"href":"https:\/\/mobecor.ee\/en\/wp-json\/wp\/v2\/product_tag?post=107402"}],"curies":[{"name":"wp","href":"https:\/\/api.w.org\/{rel}","templated":true}]}}